{"id":2263,"date":"2024-10-14T12:54:58","date_gmt":"2024-10-14T10:54:58","guid":{"rendered":"https:\/\/ghk.bitfang.de\/?page_id=2263"},"modified":"2025-02-10T11:05:03","modified_gmt":"2025-02-10T10:05:03","slug":"ist-analyse","status":"publish","type":"page","link":"https:\/\/www.ghk-management.com\/en\/the-new-cfo\/leistungen\/systeme-implementieren\/ist-analyse\/","title":{"rendered":"SI &#8211; Ist-Analyse"},"content":{"rendered":"<figure class=\"wp-block-image aligncenter size-large is-resized\"><img decoding=\"async\" src=\"https:\/\/www.ghk-management.com\/wp-content\/uploads\/2025\/05\/System-Implementation.png\" alt=\"\" class=\"wp-image-185\" style=\"object-fit:cover;width:200px;height:200px\"\/><\/figure>\n\n\n\n<h1 class=\"wp-block-heading has-text-align-center\" id=\"ist-analyse\">As-Is analysis<\/h1>\n\n\n\n<p align=\"justify\">The foundation for implementing suitable, cross-functional IT systems lies in in-depth discussions with your department heads and employees. Depending on the requirements, we involve various departments such as HR, Marketing\/Sales, Finance, Logistics, etc., and define the necessary interfaces\u2014for example, between Logistics and Procurement.<\/p>\n\n\n\n<p align=\"justify\">Where do employees identify inefficient process steps? What issues exist, for example, in maintaining data across isolated, non-integrated systems? What are your employees\u2019 expectations for future processes? Through carefully conducted interviews, we gain a comprehensive understanding to support the introduction of new systems.<\/p>\n\n\n\n<p align=\"justify\">Direct communication between your employees and us as the consulting firm is the first important step toward building employee acceptance.<\/p>\n\n\n\n<div class=\"gspb_button_wrapper gspb_button-id-gsbp-aa3cad3\" id=\"gspb_button-id-gsbp-aa3cad3\"><a class=\"wp-block-greenshift-blocks-buttonbox gspb-buttonbox wp-element-button\" href=\"https:\/\/www.ghk-management.com\/en\/the-new-cfo\/leistungen\/systeme-implementieren\/zielsetzung\/\" rel=\"noopener\"><span class=\"gspb-buttonbox-textwrap\"><span class=\"gspb-buttonbox-text\"><span class=\"gspb-buttonbox-title\">Next step: Defining objectives<\/span><\/span><\/span><\/a><\/div>\n\n\n\n<p><\/p>\n\n\n\n<section class=\"wp-block-greenshift-blocks-row alignfull gspb_row gspb_row-id-gsbp-6289981\" id=\"gspb_row-id-gsbp-6289981\"><div class=\"gspb_row__content\"> \n<div class=\"wp-block-greenshift-blocks-row-column gspb_row__col--12 gspb_col-id-gsbp-4ca1d3b\" id=\"gspb_col-id-gsbp-4ca1d3b\">\n<h2 class=\"wp-block-heading has-text-align-center\" id=\"unsere-projekte\">Our projects<\/h2>\n\n\n\n<h3 class=\"wp-block-heading has-text-align-center\" id=\"fallbeispiele-zur-systemimplementierung\">System implementation in practice<\/h3>\n\n\n\n<div class=\"wp-block-columns is-layout-flex wp-container-core-columns-is-layout-28f84493 wp-block-columns-is-layout-flex\">\n<div class=\"wp-block-column is-layout-flow wp-block-column-is-layout-flow\">\n<div class=\"wp-block-cover has-inputbg-color has-text-color has-link-color wp-elements-b755a6efcebcfcc8779bb12f632e2970\" style=\"min-height:150px;aspect-ratio:unset;\"><span aria-hidden=\"true\" class=\"wp-block-cover__background has-accent-background-color has-background-dim\"><\/span><img loading=\"lazy\" decoding=\"async\" width=\"8256\" height=\"5504\" class=\"wp-block-cover__image-background wp-image-1772\" alt=\"\" src=\"https:\/\/ghk-management.com\/wp-content\/uploads\/2024\/09\/Anlagenbau-2.jpg\" data-object-fit=\"cover\" srcset=\"https:\/\/www.ghk-management.com\/wp-content\/uploads\/2024\/09\/Anlagenbau-2.jpg 8256w, https:\/\/www.ghk-management.com\/wp-content\/uploads\/2024\/09\/Anlagenbau-2-300x200.jpg 300w, https:\/\/www.ghk-management.com\/wp-content\/uploads\/2024\/09\/Anlagenbau-2-1024x683.jpg 1024w, https:\/\/www.ghk-management.com\/wp-content\/uploads\/2024\/09\/Anlagenbau-2-768x512.jpg 768w, https:\/\/www.ghk-management.com\/wp-content\/uploads\/2024\/09\/Anlagenbau-2-1536x1024.jpg 1536w\" sizes=\"auto, (max-width: 8256px) 100vw, 8256px\" \/><div class=\"wp-block-cover__inner-container has-global-padding is-layout-constrained wp-block-cover-is-layout-constrained\">\n<p class=\"has-text-align-center has-large-font-size\"><a href=\"https:\/\/www.ghk-management.com\/en\/success\/best-practices\/anlagebau\/\" data-type=\"link\" data-id=\"https:\/\/ghk-management.com\/success\/best-practices\/handel\">Plant engineering<\/a><\/p>\n<\/div><\/div>\n<\/div>\n\n\n\n<div class=\"wp-block-column is-layout-flow wp-block-column-is-layout-flow\">\n<div class=\"wp-block-cover has-inputbg-color has-text-color has-link-color wp-elements-209e22d015fedce3fb43113b3d31186f\" style=\"min-height:150px;aspect-ratio:unset;\"><span aria-hidden=\"true\" class=\"wp-block-cover__background has-accent-background-color has-background-dim\"><\/span><img loading=\"lazy\" decoding=\"async\" width=\"2560\" height=\"1707\" class=\"wp-block-cover__image-background wp-image-1774\" alt=\"\" src=\"https:\/\/ghk-management.com\/wp-content\/uploads\/2024\/09\/Getraenke-2-scaled.jpg\" data-object-fit=\"cover\" srcset=\"https:\/\/www.ghk-management.com\/wp-content\/uploads\/2024\/09\/Getraenke-2-scaled.jpg 2560w, https:\/\/www.ghk-management.com\/wp-content\/uploads\/2024\/09\/Getraenke-2-300x200.jpg 300w, https:\/\/www.ghk-management.com\/wp-content\/uploads\/2024\/09\/Getraenke-2-1024x683.jpg 1024w, https:\/\/www.ghk-management.com\/wp-content\/uploads\/2024\/09\/Getraenke-2-768x512.jpg 768w, https:\/\/www.ghk-management.com\/wp-content\/uploads\/2024\/09\/Getraenke-2-1536x1024.jpg 1536w, https:\/\/www.ghk-management.com\/wp-content\/uploads\/2024\/09\/Getraenke-2-2048x1365.jpg 2048w\" sizes=\"auto, (max-width: 2560px) 100vw, 2560px\" \/><div class=\"wp-block-cover__inner-container has-global-padding is-layout-constrained wp-block-cover-is-layout-constrained\">\n<p class=\"has-text-align-center has-large-font-size\"><a href=\"https:\/\/www.ghk-management.com\/en\/success\/best-practices\/spirituosen\/\" data-type=\"link\" data-id=\"https:\/\/ghk-management.com\/success\/best-practices\/handel\">Beverages<\/a><\/p>\n<\/div><\/div>\n<\/div>\n\n\n\n<div class=\"wp-block-column is-layout-flow wp-block-column-is-layout-flow\">\n<div class=\"wp-block-cover has-inputbg-color has-text-color has-link-color wp-elements-f8a65bbccc3c49c2bc7d65082bc8469a\" style=\"min-height:150px;aspect-ratio:unset;\"><span aria-hidden=\"true\" class=\"wp-block-cover__background has-accent-background-color has-background-dim\"><\/span><img loading=\"lazy\" decoding=\"async\" width=\"2560\" height=\"1706\" class=\"wp-block-cover__image-background wp-image-1776\" alt=\"\" src=\"https:\/\/ghk-management.com\/wp-content\/uploads\/2024\/09\/Aus-u-Weiterbildung-2-scaled.jpg\" data-object-fit=\"cover\" srcset=\"https:\/\/www.ghk-management.com\/wp-content\/uploads\/2024\/09\/Aus-u-Weiterbildung-2-scaled.jpg 2560w, https:\/\/www.ghk-management.com\/wp-content\/uploads\/2024\/09\/Aus-u-Weiterbildung-2-300x200.jpg 300w, https:\/\/www.ghk-management.com\/wp-content\/uploads\/2024\/09\/Aus-u-Weiterbildung-2-1024x683.jpg 1024w, https:\/\/www.ghk-management.com\/wp-content\/uploads\/2024\/09\/Aus-u-Weiterbildung-2-768x512.jpg 768w, https:\/\/www.ghk-management.com\/wp-content\/uploads\/2024\/09\/Aus-u-Weiterbildung-2-1536x1024.jpg 1536w, https:\/\/www.ghk-management.com\/wp-content\/uploads\/2024\/09\/Aus-u-Weiterbildung-2-2048x1365.jpg 2048w\" sizes=\"auto, (max-width: 2560px) 100vw, 2560px\" \/><div class=\"wp-block-cover__inner-container has-global-padding is-layout-constrained wp-block-cover-is-layout-constrained\">\n<p class=\"has-text-align-center has-large-font-size\"><a href=\"https:\/\/www.ghk-management.com\/en\/success\/best-practices\/aus-und-weiterbildung\/\" data-type=\"link\" data-id=\"https:\/\/ghk-management.com\/success\/best-practices\/handel\">Training and further education<\/a><\/p>\n<\/div><\/div>\n<\/div>\n<\/div>\n<\/div>\n <\/div><\/section>\n\n\n\n<p><\/p>","protected":false},"excerpt":{"rendered":"<p>Ist-Analyse Basis f\u00fcr die Implementierung passender, bereichs\u00fcbergreifender IT-Systeme sind intensive Gespr\u00e4che mit Ihren Abteilungsleitern und Mitarbeitern. Je nach Anforderung binden wir unterschiedliche Bereiche wie Personal, Marketing\/Vertrieb, Finanzen, Logistik etc. ein und definieren Schnittstellen, wie z.B. Logistik und Einkauf. Wo liegen aus Sicht der Mitarbeiter ineffiziente Prozess-Schritte? Welche Problematiken existieren, zum Beispiel bei der Pflege der [&hellip;]<\/p>","protected":false},"author":1,"featured_media":0,"parent":19,"menu_order":0,"comment_status":"closed","ping_status":"closed","template":"","meta":{"_gspb_post_css":"#gspb_button-id-gsbp-aa3cad3{display:flex;justify-content:center}#gspb_button-id-gsbp-aa3cad3 .gspb-buttonbox-text{display:flex;flex-direction:column}#gspb_button-id-gsbp-aa3cad3>.gspb-buttonbox,div[id^=gspb_col-id]{box-sizing:border-box}#gspb_row-id-gsbp-6289981{justify-content:space-between;margin-top:0;display:flex;flex-wrap:wrap;margin-bottom:0;background-color:#cfcac059}#gspb_row-id-gsbp-6289981>.gspb_row__content{display:flex;justify-content:space-between;margin:0 auto;width:100%;flex-wrap:wrap}.gspb_row{position:relative}div[id^=gspb_col-id]{position:relative;padding:15px min(3vw,20px)}body.gspb-bodyfront #gspb_row-id-gsbp-6289981>.gspb_row__content{max-width:var(--wp--style--global--wide-size, 1200px)}#gspb_col-id-gsbp-4ca1d3b.gspb_row__col--12{width:100%}@media (max-width:575.98px){#gspb_col-id-gsbp-4ca1d3b.gspb_row__col--12{width:100%}}","inline_featured_image":false,"footnotes":""},"class_list":["post-2263","page","type-page","status-publish","hentry"],"yoast_head":"<!-- This site is optimized with the Yoast SEO plugin v23.9 - https:\/\/yoast.com\/wordpress\/plugins\/seo\/ -->\n<title>SI - Ist-Analyse - GHK Management Consulting AG<\/title>\n<meta name=\"robots\" content=\"index, follow, max-snippet:-1, max-image-preview:large, max-video-preview:-1\" \/>\n<link rel=\"canonical\" href=\"https:\/\/www.ghk-management.com\/en\/the-new-cfo\/leistungen\/systeme-implementieren\/ist-analyse\/\" \/>\n<meta property=\"og:locale\" content=\"en_GB\" \/>\n<meta property=\"og:type\" content=\"article\" \/>\n<meta property=\"og:title\" content=\"SI - Ist-Analyse - GHK Management Consulting AG\" \/>\n<meta property=\"og:description\" content=\"Ist-Analyse Basis f\u00fcr die Implementierung passender, bereichs\u00fcbergreifender IT-Systeme sind intensive Gespr\u00e4che mit Ihren Abteilungsleitern und Mitarbeitern. Je nach Anforderung binden wir unterschiedliche Bereiche wie Personal, Marketing\/Vertrieb, Finanzen, Logistik etc. ein und definieren Schnittstellen, wie z.B. Logistik und Einkauf. Wo liegen aus Sicht der Mitarbeiter ineffiziente Prozess-Schritte? Welche Problematiken existieren, zum Beispiel bei der Pflege der [&hellip;]\" \/>\n<meta property=\"og:url\" content=\"https:\/\/www.ghk-management.com\/en\/the-new-cfo\/leistungen\/systeme-implementieren\/ist-analyse\/\" \/>\n<meta property=\"og:site_name\" content=\"GHK Management Consulting AG\" \/>\n<meta property=\"article:modified_time\" content=\"2025-02-10T10:05:03+00:00\" \/>\n<meta property=\"og:image\" content=\"https:\/\/www.ghk-management.com\/wp-content\/uploads\/2024\/11\/Design-ohne-Titel.png\" \/>\n\t<meta property=\"og:image:width\" content=\"1200\" \/>\n\t<meta property=\"og:image:height\" content=\"675\" \/>\n\t<meta property=\"og:image:type\" content=\"image\/png\" \/>\n<meta name=\"twitter:card\" content=\"summary_large_image\" \/>\n<meta name=\"twitter:label1\" content=\"Estimated reading time\" \/>\n\t<meta name=\"twitter:data1\" content=\"2 minutes\" \/>\n<script type=\"application\/ld+json\" class=\"yoast-schema-graph\">{\"@context\":\"https:\/\/schema.org\",\"@graph\":[{\"@type\":\"WebPage\",\"@id\":\"https:\/\/www.ghk-management.com\/the-new-cfo\/leistungen\/systeme-implementieren\/ist-analyse\/\",\"url\":\"https:\/\/www.ghk-management.com\/the-new-cfo\/leistungen\/systeme-implementieren\/ist-analyse\/\",\"name\":\"SI - Ist-Analyse - GHK Management Consulting AG\",\"isPartOf\":{\"@id\":\"https:\/\/www.ghk-management.com\/#website\"},\"primaryImageOfPage\":{\"@id\":\"https:\/\/www.ghk-management.com\/the-new-cfo\/leistungen\/systeme-implementieren\/ist-analyse\/#primaryimage\"},\"image\":{\"@id\":\"https:\/\/www.ghk-management.com\/the-new-cfo\/leistungen\/systeme-implementieren\/ist-analyse\/#primaryimage\"},\"thumbnailUrl\":\"https:\/\/ghk-management.com\/wp-content\/uploads\/2024\/08\/systeme-implementieren.svg\",\"datePublished\":\"2024-10-14T10:54:58+00:00\",\"dateModified\":\"2025-02-10T10:05:03+00:00\",\"breadcrumb\":{\"@id\":\"https:\/\/www.ghk-management.com\/the-new-cfo\/leistungen\/systeme-implementieren\/ist-analyse\/#breadcrumb\"},\"inLanguage\":\"en-GB\",\"potentialAction\":[{\"@type\":\"ReadAction\",\"target\":[\"https:\/\/www.ghk-management.com\/the-new-cfo\/leistungen\/systeme-implementieren\/ist-analyse\/\"]}]},{\"@type\":\"ImageObject\",\"inLanguage\":\"en-GB\",\"@id\":\"https:\/\/www.ghk-management.com\/the-new-cfo\/leistungen\/systeme-implementieren\/ist-analyse\/#primaryimage\",\"url\":\"https:\/\/ghk-management.com\/wp-content\/uploads\/2024\/08\/systeme-implementieren.svg\",\"contentUrl\":\"https:\/\/ghk-management.com\/wp-content\/uploads\/2024\/08\/systeme-implementieren.svg\"},{\"@type\":\"BreadcrumbList\",\"@id\":\"https:\/\/www.ghk-management.com\/the-new-cfo\/leistungen\/systeme-implementieren\/ist-analyse\/#breadcrumb\",\"itemListElement\":[{\"@type\":\"ListItem\",\"position\":1,\"name\":\"Home\",\"item\":\"https:\/\/www.ghk-management.com\/\"},{\"@type\":\"ListItem\",\"position\":2,\"name\":\"The New CFO\",\"item\":\"https:\/\/www.ghk-management.com\/\"},{\"@type\":\"ListItem\",\"position\":3,\"name\":\"Leistungen\",\"item\":\"https:\/\/www.ghk-management.com\/the-new-cfo\/leistungen\/\"},{\"@type\":\"ListItem\",\"position\":4,\"name\":\"Systeme implementieren\",\"item\":\"https:\/\/www.ghk-management.com\/the-new-cfo\/leistungen\/systeme-implementieren\/\"},{\"@type\":\"ListItem\",\"position\":5,\"name\":\"SI &#8211; Ist-Analyse\"}]},{\"@type\":\"WebSite\",\"@id\":\"https:\/\/www.ghk-management.com\/#website\",\"url\":\"https:\/\/www.ghk-management.com\/\",\"name\":\"GHK Management Consulting AG\",\"description\":\"The New CFO\",\"publisher\":{\"@id\":\"https:\/\/www.ghk-management.com\/#organization\"},\"potentialAction\":[{\"@type\":\"SearchAction\",\"target\":{\"@type\":\"EntryPoint\",\"urlTemplate\":\"https:\/\/www.ghk-management.com\/?s={search_term_string}\"},\"query-input\":{\"@type\":\"PropertyValueSpecification\",\"valueRequired\":true,\"valueName\":\"search_term_string\"}}],\"inLanguage\":\"en-GB\"},{\"@type\":\"Organization\",\"@id\":\"https:\/\/www.ghk-management.com\/#organization\",\"name\":\"GHK Management Consulting AG\",\"url\":\"https:\/\/www.ghk-management.com\/\",\"logo\":{\"@type\":\"ImageObject\",\"inLanguage\":\"en-GB\",\"@id\":\"https:\/\/www.ghk-management.com\/#\/schema\/logo\/image\/\",\"url\":\"https:\/\/www.ghk-management.com\/wp-content\/uploads\/2024\/08\/ghk.svg\",\"contentUrl\":\"https:\/\/www.ghk-management.com\/wp-content\/uploads\/2024\/08\/ghk.svg\",\"caption\":\"GHK Management Consulting AG\"},\"image\":{\"@id\":\"https:\/\/www.ghk-management.com\/#\/schema\/logo\/image\/\"},\"sameAs\":[\"https:\/\/de.linkedin.com\/company\/https-www-ghk-management-com\"]}]}<\/script>\n<!-- \/ Yoast SEO plugin. -->","yoast_head_json":{"title":"SI - Ist-Analyse - GHK Management Consulting AG","robots":{"index":"index","follow":"follow","max-snippet":"max-snippet:-1","max-image-preview":"max-image-preview:large","max-video-preview":"max-video-preview:-1"},"canonical":"https:\/\/www.ghk-management.com\/en\/the-new-cfo\/leistungen\/systeme-implementieren\/ist-analyse\/","og_locale":"en_GB","og_type":"article","og_title":"SI - Ist-Analyse - GHK Management Consulting AG","og_description":"Ist-Analyse Basis f\u00fcr die Implementierung passender, bereichs\u00fcbergreifender IT-Systeme sind intensive Gespr\u00e4che mit Ihren Abteilungsleitern und Mitarbeitern. Je nach Anforderung binden wir unterschiedliche Bereiche wie Personal, Marketing\/Vertrieb, Finanzen, Logistik etc. ein und definieren Schnittstellen, wie z.B. Logistik und Einkauf. Wo liegen aus Sicht der Mitarbeiter ineffiziente Prozess-Schritte? Welche Problematiken existieren, zum Beispiel bei der Pflege der [&hellip;]","og_url":"https:\/\/www.ghk-management.com\/en\/the-new-cfo\/leistungen\/systeme-implementieren\/ist-analyse\/","og_site_name":"GHK Management Consulting AG","article_modified_time":"2025-02-10T10:05:03+00:00","og_image":[{"width":1200,"height":675,"url":"https:\/\/www.ghk-management.com\/wp-content\/uploads\/2024\/11\/Design-ohne-Titel.png","type":"image\/png"}],"twitter_card":"summary_large_image","twitter_misc":{"Estimated reading time":"2 minutes"},"schema":{"@context":"https:\/\/schema.org","@graph":[{"@type":"WebPage","@id":"https:\/\/www.ghk-management.com\/the-new-cfo\/leistungen\/systeme-implementieren\/ist-analyse\/","url":"https:\/\/www.ghk-management.com\/the-new-cfo\/leistungen\/systeme-implementieren\/ist-analyse\/","name":"SI - Ist-Analyse - GHK Management Consulting AG","isPartOf":{"@id":"https:\/\/www.ghk-management.com\/#website"},"primaryImageOfPage":{"@id":"https:\/\/www.ghk-management.com\/the-new-cfo\/leistungen\/systeme-implementieren\/ist-analyse\/#primaryimage"},"image":{"@id":"https:\/\/www.ghk-management.com\/the-new-cfo\/leistungen\/systeme-implementieren\/ist-analyse\/#primaryimage"},"thumbnailUrl":"https:\/\/ghk-management.com\/wp-content\/uploads\/2024\/08\/systeme-implementieren.svg","datePublished":"2024-10-14T10:54:58+00:00","dateModified":"2025-02-10T10:05:03+00:00","breadcrumb":{"@id":"https:\/\/www.ghk-management.com\/the-new-cfo\/leistungen\/systeme-implementieren\/ist-analyse\/#breadcrumb"},"inLanguage":"en-GB","potentialAction":[{"@type":"ReadAction","target":["https:\/\/www.ghk-management.com\/the-new-cfo\/leistungen\/systeme-implementieren\/ist-analyse\/"]}]},{"@type":"ImageObject","inLanguage":"en-GB","@id":"https:\/\/www.ghk-management.com\/the-new-cfo\/leistungen\/systeme-implementieren\/ist-analyse\/#primaryimage","url":"https:\/\/ghk-management.com\/wp-content\/uploads\/2024\/08\/systeme-implementieren.svg","contentUrl":"https:\/\/ghk-management.com\/wp-content\/uploads\/2024\/08\/systeme-implementieren.svg"},{"@type":"BreadcrumbList","@id":"https:\/\/www.ghk-management.com\/the-new-cfo\/leistungen\/systeme-implementieren\/ist-analyse\/#breadcrumb","itemListElement":[{"@type":"ListItem","position":1,"name":"Home","item":"https:\/\/www.ghk-management.com\/"},{"@type":"ListItem","position":2,"name":"The New CFO","item":"https:\/\/www.ghk-management.com\/"},{"@type":"ListItem","position":3,"name":"Leistungen","item":"https:\/\/www.ghk-management.com\/the-new-cfo\/leistungen\/"},{"@type":"ListItem","position":4,"name":"Systeme implementieren","item":"https:\/\/www.ghk-management.com\/the-new-cfo\/leistungen\/systeme-implementieren\/"},{"@type":"ListItem","position":5,"name":"SI &#8211; Ist-Analyse"}]},{"@type":"WebSite","@id":"https:\/\/www.ghk-management.com\/#website","url":"https:\/\/www.ghk-management.com\/","name":"GHK Management Consulting AG","description":"The New CFO","publisher":{"@id":"https:\/\/www.ghk-management.com\/#organization"},"potentialAction":[{"@type":"SearchAction","target":{"@type":"EntryPoint","urlTemplate":"https:\/\/www.ghk-management.com\/?s={search_term_string}"},"query-input":{"@type":"PropertyValueSpecification","valueRequired":true,"valueName":"search_term_string"}}],"inLanguage":"en-GB"},{"@type":"Organization","@id":"https:\/\/www.ghk-management.com\/#organization","name":"GHK Management Consulting AG","url":"https:\/\/www.ghk-management.com\/","logo":{"@type":"ImageObject","inLanguage":"en-GB","@id":"https:\/\/www.ghk-management.com\/#\/schema\/logo\/image\/","url":"https:\/\/www.ghk-management.com\/wp-content\/uploads\/2024\/08\/ghk.svg","contentUrl":"https:\/\/www.ghk-management.com\/wp-content\/uploads\/2024\/08\/ghk.svg","caption":"GHK Management Consulting AG"},"image":{"@id":"https:\/\/www.ghk-management.com\/#\/schema\/logo\/image\/"},"sameAs":["https:\/\/de.linkedin.com\/company\/https-www-ghk-management-com"]}]}},"_links":{"self":[{"href":"https:\/\/www.ghk-management.com\/en\/wp-json\/wp\/v2\/pages\/2263","targetHints":{"allow":["GET"]}}],"collection":[{"href":"https:\/\/www.ghk-management.com\/en\/wp-json\/wp\/v2\/pages"}],"about":[{"href":"https:\/\/www.ghk-management.com\/en\/wp-json\/wp\/v2\/types\/page"}],"author":[{"embeddable":true,"href":"https:\/\/www.ghk-management.com\/en\/wp-json\/wp\/v2\/users\/1"}],"replies":[{"embeddable":true,"href":"https:\/\/www.ghk-management.com\/en\/wp-json\/wp\/v2\/comments?post=2263"}],"version-history":[{"count":9,"href":"https:\/\/www.ghk-management.com\/en\/wp-json\/wp\/v2\/pages\/2263\/revisions"}],"predecessor-version":[{"id":3606,"href":"https:\/\/www.ghk-management.com\/en\/wp-json\/wp\/v2\/pages\/2263\/revisions\/3606"}],"up":[{"embeddable":true,"href":"https:\/\/www.ghk-management.com\/en\/wp-json\/wp\/v2\/pages\/19"}],"wp:attachment":[{"href":"https:\/\/www.ghk-management.com\/en\/wp-json\/wp\/v2\/media?parent=2263"}],"curies":[{"name":"wp","href":"https:\/\/api.w.org\/{rel}","templated":true}]}}