{"id":25,"date":"2024-08-20T20:53:57","date_gmt":"2024-08-20T18:53:57","guid":{"rendered":"http:\/\/localhost\/ghk\/?page_id=25"},"modified":"2025-02-10T11:21:49","modified_gmt":"2025-02-10T10:21:49","slug":"strukturierte-projekte","status":"publish","type":"page","link":"https:\/\/www.ghk-management.com\/en\/the-new-cfo\/produkte\/strukturierte-projekte\/","title":{"rendered":"Structured Projects"},"content":{"rendered":"<h1 class=\"wp-block-heading has-text-align-center\" id=\"strukturierte-projekte\">Structured Projects<\/h1>\n\n\n\n<p align=\"justify\">IT projects are essential to maintain the effectiveness of the IT system landscape and to prepare for the implementation of modern applications. Experience shows that internal company resources are often overstretched when trying to manage such projects alongside day-to-day operations. In such cases, professional project management support is economically sensible\u2014built on strong financial expertise and guided by a pragmatic approach. Clear communication and post-project support ensure long-term success.<br><\/p>\n\n\n\n<div class=\"wp-block-greenshift-blocks-image gspb_image gspb_image-id-gsbp-53b917a\" id=\"gspb_image-id-gsbp-53b917a\"><img decoding=\"async\" src=\"https:\/\/www.ghk-management.com\/wp-content\/uploads\/2024\/09\/Strukturierte-Projekte-scaled.jpg\" data-src=\"\" alt=\"\" loading=\"lazy\" width=\"2560\" height=\"1815\"\/><\/div>\n\n\n\n<div class=\"wp-block-greenshift-blocks-accordion gs-accordion gspb_accordion-id-gsbp-2ed4f72\" id=\"gspb_accordion-id-gsbp-2ed4f72\" >\n<div class=\"wp-block-greenshift-blocks-accordionitem gs-accordion-item gspb_accordionitem-gsbp-fdbc376 gsopen\" id=\"gspb_accordionitem-gsbp-fdbc376\" itemscope><div id=\"gs-trigger-gsbp-2ed4f72-0\" class=\"gs-accordion-item__title\" aria-expanded=\"true\" role=\"button\" tabindex=\"0\" aria-controls=\"gspb-accordion-item-content-gsbp-fdbc376\"><div class=\"gs-accordion-item__heading\">Bringing IT projects to success through structured and systematic execution.<\/div><meta itemprop=\"name\" content=\"IT-Projekte strukturiert und systematisch zum Erfolg bringen\"\/><span class=\"iconfortoggle\"><span class=\"gs-iconbefore\"><\/span><span class=\"gs-iconafter\"><\/span><\/span><\/div><div aria-labelledby=\"gs-trigger-gsbp-2ed4f72-0\" class=\"gs-accordion-item__content\" itemscope id=\"gspb-accordion-item-content-gsbp-fdbc376\" ><div class=\"gs-accordion-item__text\" itemprop=\"text\">\n<p align=\"justify\">GHK has extensive experience in the successful execution of IT projects. The effective interplay between project control and meeting structure is a key success factor. Particular attention is paid to the type and scope of the client\u2019s available resources. Projects must not be overloaded\u2014neither in terms of content, time, nor the number of people and departments involved. Project planning is tailored to individuals, tasks, and timelines, while interdependencies are carefully taken into account. The results of all intermediate steps are meticulously documented and tracked.<\/p>\n<\/div><\/div><\/div>\n<\/div>\n\n\n\n<hr class=\"wp-block-separator has-alpha-channel-opacity\"\/>\n\n\n\n<h5 class=\"wp-block-heading has-text-align-center\" id=\"hier-geht-es-zum-passenden-use-case-erfolgreiches-projektmanagement-fur-strukturierte-projekte\">Click here to view the relevant use case 'Successful Project Management' for structured projects<\/h5>\n\n\n\n<div class=\"gspb_button_wrapper gspb_button-id-gsbp-c8dceda\" id=\"gspb_button-id-gsbp-c8dceda\"><a class=\"wp-block-greenshift-blocks-buttonbox gspb-buttonbox wp-element-button\" href=\"https:\/\/www.ghk-management.com\/en\/success\/use-cases\/erfolgreiches-projektmanagement\/\" rel=\"noopener\"><span class=\"gspb-buttonbox-textwrap\"><span class=\"gspb-buttonbox-text\"><span class=\"gspb-buttonbox-title\">Discover more<\/span><\/span><\/span><\/a><\/div>\n\n\n\n<p><\/p>","protected":false},"excerpt":{"rendered":"<p>Strukturierte Projekte IT-Projekte sind notwendig, um die Wirksamkeit der IT-Systemlandschaft aufrechtzuerhalten und auf die Implementierung moderner Anwendungen vorzubereiten. Die Erfahrung zeigt, dass unternehmenseigene Ressourcen parallel zum Tagesgesch\u00e4ft oft \u00fcberfordert sind, die Projekte erfolgreich zu realisieren. Hier ist professionelle Unterst\u00fctzung im Projektmanagement \u00f6konomisch sinnvoll, basierend auf hoher Finanzexpertise und unterst\u00fctzt durch pragmatisches Vorgehen. Die richtige Kommunikation [&hellip;]<\/p>","protected":false},"author":1,"featured_media":0,"parent":23,"menu_order":0,"comment_status":"closed","ping_status":"closed","template":"","meta":{"_gspb_post_css":"#gspb_accordion-id-gsbp-2ed4f72 .gs-accordion-item.gsclose>.gs-accordion-item__content{overflow:hidden;opacity:0}#gspb_accordion-id-gsbp-2ed4f72 .gs-accordion-item.gsopen>.gs-accordion-item__content{opacity:1;max-height:5000px}#gspb_accordion-id-gsbp-2ed4f72 .gs-accordion-item>.gs-accordion-item__title>.gs-accordion-item__heading{outline:0;text-decoration:none;margin:0!important;padding:0!important;flex-grow:1}#gspb_accordion-id-gsbp-2ed4f72 .gs-accordion-item>.gs-accordion-item__title{z-index:1;margin:0;cursor:pointer;transition:all .3s ease-in-out;position:relative;display:flex;justify-content:space-between;align-items:center;flex-wrap:nowrap}#gspb_accordion-id-gsbp-2ed4f72 .gs-accordion-item>.gs-accordion-item__content{z-index:0;position:relative;max-height:0;will-change:max-height;transition:all .25s ease-out}#gspb_accordion-id-gsbp-2ed4f72 .gs-accordion-item>.gs-accordion-item__title{background-color:#f9f9f9;border-style:solid;border-width:1px;border-color:#00000012}#gspb_accordion-id-gsbp-2ed4f72 .gs-accordion-item>.gs-accordion-item__content{background-color:#fff;border-style:solid;border-width:1px;border-color:#00000000 #00000012 #00000012}#gspb_accordion-id-gsbp-2ed4f72 .gs-accordion-item>.gs-accordion-item__title span.iconfortoggle{margin-left:15px;display:inline-block;height:14px;width:14px;position:relative}#gspb_accordion-id-gsbp-2ed4f72 .gs-accordion-item{margin-bottom:10px}#gspb_accordion-id-gsbp-2ed4f72 .gs-accordion-item>.gs-accordion-item__content>.gs-accordion-item__text,#gspb_accordion-id-gsbp-2ed4f72 .gs-accordion-item>.gs-accordion-item__title{padding:15px 20px}.gs-accordion .gs-accordion-item.gsopen .gs-accordion-item__title .gs-iconafter{transform:rotate(0)}.gs-accordion .gs-accordion-item__title span.iconfortoggle .gs-iconafter,.gs-accordion .gs-accordion-item__title span.iconfortoggle .gs-iconbefore{content:'';width:14px;height:2px;border-radius:2px;background-color:#111;position:absolute;top:6px;left:0}.gs-accordion .gs-accordion-item__title span.iconfortoggle .gs-iconafter{transform:rotate(90deg);transition:all .3s ease-in-out}#gspb_button-id-gsbp-c8dceda{display:flex;justify-content:center}#gspb_button-id-gsbp-c8dceda .gspb-buttonbox-text{display:flex;flex-direction:column}#gspb_button-id-gsbp-c8dceda>.gspb-buttonbox{box-sizing:border-box}#gspb_image-id-gsbp-53b917a img{vertical-align:top;display:inline-block;box-sizing:border-box;max-width:100%;height:auto}","inline_featured_image":false,"footnotes":""},"class_list":["post-25","page","type-page","status-publish","hentry"],"yoast_head":"<!-- This site is optimized with the Yoast SEO plugin v23.9 - https:\/\/yoast.com\/wordpress\/plugins\/seo\/ -->\n<title>Strukturierte Projekte - GHK Management Consulting AG<\/title>\n<meta name=\"description\" content=\"GHK als Projektmanager \u2013 strukturiert, geplant und gesteuert werden Projekte durch GHK zum Projekterfolg gef\u00fchrt.\" \/>\n<meta name=\"robots\" content=\"index, follow, max-snippet:-1, max-image-preview:large, max-video-preview:-1\" \/>\n<link rel=\"canonical\" href=\"https:\/\/www.ghk-management.com\/en\/the-new-cfo\/produkte\/strukturierte-projekte\/\" \/>\n<meta property=\"og:locale\" content=\"en_GB\" \/>\n<meta property=\"og:type\" content=\"article\" \/>\n<meta property=\"og:title\" content=\"Strukturierte Projekte - GHK Management Consulting AG\" \/>\n<meta property=\"og:description\" content=\"GHK als Projektmanager \u2013 strukturiert, geplant und gesteuert werden Projekte durch GHK zum Projekterfolg gef\u00fchrt.\" \/>\n<meta property=\"og:url\" content=\"https:\/\/www.ghk-management.com\/en\/the-new-cfo\/produkte\/strukturierte-projekte\/\" \/>\n<meta property=\"og:site_name\" content=\"GHK Management Consulting AG\" \/>\n<meta property=\"article:modified_time\" content=\"2025-02-10T10:21:49+00:00\" \/>\n<meta property=\"og:image\" content=\"https:\/\/www.ghk-management.com\/wp-content\/uploads\/2024\/09\/Strukturierte-Projekte-scaled.jpg\" \/>\n<meta name=\"twitter:card\" content=\"summary_large_image\" \/>\n<meta name=\"twitter:label1\" content=\"Estimated reading time\" \/>\n\t<meta name=\"twitter:data1\" content=\"2 minutes\" \/>\n<script type=\"application\/ld+json\" class=\"yoast-schema-graph\">{\"@context\":\"https:\/\/schema.org\",\"@graph\":[{\"@type\":\"WebPage\",\"@id\":\"https:\/\/www.ghk-management.com\/the-new-cfo\/produkte\/strukturierte-projekte\/\",\"url\":\"https:\/\/www.ghk-management.com\/the-new-cfo\/produkte\/strukturierte-projekte\/\",\"name\":\"Strukturierte Projekte - GHK Management Consulting AG\",\"isPartOf\":{\"@id\":\"https:\/\/www.ghk-management.com\/#website\"},\"primaryImageOfPage\":{\"@id\":\"https:\/\/www.ghk-management.com\/the-new-cfo\/produkte\/strukturierte-projekte\/#primaryimage\"},\"image\":{\"@id\":\"https:\/\/www.ghk-management.com\/the-new-cfo\/produkte\/strukturierte-projekte\/#primaryimage\"},\"thumbnailUrl\":\"https:\/\/www.ghk-management.com\/wp-content\/uploads\/2024\/09\/Strukturierte-Projekte-scaled.jpg\",\"datePublished\":\"2024-08-20T18:53:57+00:00\",\"dateModified\":\"2025-02-10T10:21:49+00:00\",\"description\":\"GHK als Projektmanager \u2013 strukturiert, geplant und gesteuert werden Projekte durch GHK zum Projekterfolg gef\u00fchrt.\",\"breadcrumb\":{\"@id\":\"https:\/\/www.ghk-management.com\/the-new-cfo\/produkte\/strukturierte-projekte\/#breadcrumb\"},\"inLanguage\":\"en-GB\",\"potentialAction\":[{\"@type\":\"ReadAction\",\"target\":[\"https:\/\/www.ghk-management.com\/the-new-cfo\/produkte\/strukturierte-projekte\/\"]}]},{\"@type\":\"ImageObject\",\"inLanguage\":\"en-GB\",\"@id\":\"https:\/\/www.ghk-management.com\/the-new-cfo\/produkte\/strukturierte-projekte\/#primaryimage\",\"url\":\"https:\/\/www.ghk-management.com\/wp-content\/uploads\/2024\/09\/Strukturierte-Projekte-scaled.jpg\",\"contentUrl\":\"https:\/\/www.ghk-management.com\/wp-content\/uploads\/2024\/09\/Strukturierte-Projekte-scaled.jpg\"},{\"@type\":\"BreadcrumbList\",\"@id\":\"https:\/\/www.ghk-management.com\/the-new-cfo\/produkte\/strukturierte-projekte\/#breadcrumb\",\"itemListElement\":[{\"@type\":\"ListItem\",\"position\":1,\"name\":\"Home\",\"item\":\"https:\/\/www.ghk-management.com\/\"},{\"@type\":\"ListItem\",\"position\":2,\"name\":\"The New CFO\",\"item\":\"https:\/\/www.ghk-management.com\/\"},{\"@type\":\"ListItem\",\"position\":3,\"name\":\"Produkte\",\"item\":\"https:\/\/www.ghk-management.com\/the-new-cfo\/produkte\/\"},{\"@type\":\"ListItem\",\"position\":4,\"name\":\"Strukturierte Projekte\"}]},{\"@type\":\"WebSite\",\"@id\":\"https:\/\/www.ghk-management.com\/#website\",\"url\":\"https:\/\/www.ghk-management.com\/\",\"name\":\"GHK Management Consulting AG\",\"description\":\"The New CFO\",\"publisher\":{\"@id\":\"https:\/\/www.ghk-management.com\/#organization\"},\"potentialAction\":[{\"@type\":\"SearchAction\",\"target\":{\"@type\":\"EntryPoint\",\"urlTemplate\":\"https:\/\/www.ghk-management.com\/?s={search_term_string}\"},\"query-input\":{\"@type\":\"PropertyValueSpecification\",\"valueRequired\":true,\"valueName\":\"search_term_string\"}}],\"inLanguage\":\"en-GB\"},{\"@type\":\"Organization\",\"@id\":\"https:\/\/www.ghk-management.com\/#organization\",\"name\":\"GHK Management Consulting AG\",\"url\":\"https:\/\/www.ghk-management.com\/\",\"logo\":{\"@type\":\"ImageObject\",\"inLanguage\":\"en-GB\",\"@id\":\"https:\/\/www.ghk-management.com\/#\/schema\/logo\/image\/\",\"url\":\"https:\/\/www.ghk-management.com\/wp-content\/uploads\/2024\/08\/ghk.svg\",\"contentUrl\":\"https:\/\/www.ghk-management.com\/wp-content\/uploads\/2024\/08\/ghk.svg\",\"caption\":\"GHK Management Consulting AG\"},\"image\":{\"@id\":\"https:\/\/www.ghk-management.com\/#\/schema\/logo\/image\/\"},\"sameAs\":[\"https:\/\/de.linkedin.com\/company\/https-www-ghk-management-com\"]}]}<\/script>\n<!-- \/ Yoast SEO plugin. -->","yoast_head_json":{"title":"Strukturierte Projekte - GHK Management Consulting AG","description":"GHK als Projektmanager \u2013 strukturiert, geplant und gesteuert werden Projekte durch GHK zum Projekterfolg gef\u00fchrt.","robots":{"index":"index","follow":"follow","max-snippet":"max-snippet:-1","max-image-preview":"max-image-preview:large","max-video-preview":"max-video-preview:-1"},"canonical":"https:\/\/www.ghk-management.com\/en\/the-new-cfo\/produkte\/strukturierte-projekte\/","og_locale":"en_GB","og_type":"article","og_title":"Strukturierte Projekte - GHK Management Consulting AG","og_description":"GHK als Projektmanager \u2013 strukturiert, geplant und gesteuert werden Projekte durch GHK zum Projekterfolg gef\u00fchrt.","og_url":"https:\/\/www.ghk-management.com\/en\/the-new-cfo\/produkte\/strukturierte-projekte\/","og_site_name":"GHK Management Consulting AG","article_modified_time":"2025-02-10T10:21:49+00:00","og_image":[{"url":"https:\/\/www.ghk-management.com\/wp-content\/uploads\/2024\/09\/Strukturierte-Projekte-scaled.jpg"}],"twitter_card":"summary_large_image","twitter_misc":{"Estimated reading time":"2 minutes"},"schema":{"@context":"https:\/\/schema.org","@graph":[{"@type":"WebPage","@id":"https:\/\/www.ghk-management.com\/the-new-cfo\/produkte\/strukturierte-projekte\/","url":"https:\/\/www.ghk-management.com\/the-new-cfo\/produkte\/strukturierte-projekte\/","name":"Strukturierte Projekte - GHK Management Consulting AG","isPartOf":{"@id":"https:\/\/www.ghk-management.com\/#website"},"primaryImageOfPage":{"@id":"https:\/\/www.ghk-management.com\/the-new-cfo\/produkte\/strukturierte-projekte\/#primaryimage"},"image":{"@id":"https:\/\/www.ghk-management.com\/the-new-cfo\/produkte\/strukturierte-projekte\/#primaryimage"},"thumbnailUrl":"https:\/\/www.ghk-management.com\/wp-content\/uploads\/2024\/09\/Strukturierte-Projekte-scaled.jpg","datePublished":"2024-08-20T18:53:57+00:00","dateModified":"2025-02-10T10:21:49+00:00","description":"GHK als Projektmanager \u2013 strukturiert, geplant und gesteuert werden Projekte durch GHK zum Projekterfolg gef\u00fchrt.","breadcrumb":{"@id":"https:\/\/www.ghk-management.com\/the-new-cfo\/produkte\/strukturierte-projekte\/#breadcrumb"},"inLanguage":"en-GB","potentialAction":[{"@type":"ReadAction","target":["https:\/\/www.ghk-management.com\/the-new-cfo\/produkte\/strukturierte-projekte\/"]}]},{"@type":"ImageObject","inLanguage":"en-GB","@id":"https:\/\/www.ghk-management.com\/the-new-cfo\/produkte\/strukturierte-projekte\/#primaryimage","url":"https:\/\/www.ghk-management.com\/wp-content\/uploads\/2024\/09\/Strukturierte-Projekte-scaled.jpg","contentUrl":"https:\/\/www.ghk-management.com\/wp-content\/uploads\/2024\/09\/Strukturierte-Projekte-scaled.jpg"},{"@type":"BreadcrumbList","@id":"https:\/\/www.ghk-management.com\/the-new-cfo\/produkte\/strukturierte-projekte\/#breadcrumb","itemListElement":[{"@type":"ListItem","position":1,"name":"Home","item":"https:\/\/www.ghk-management.com\/"},{"@type":"ListItem","position":2,"name":"The New CFO","item":"https:\/\/www.ghk-management.com\/"},{"@type":"ListItem","position":3,"name":"Produkte","item":"https:\/\/www.ghk-management.com\/the-new-cfo\/produkte\/"},{"@type":"ListItem","position":4,"name":"Strukturierte Projekte"}]},{"@type":"WebSite","@id":"https:\/\/www.ghk-management.com\/#website","url":"https:\/\/www.ghk-management.com\/","name":"GHK Management Consulting AG","description":"The New CFO","publisher":{"@id":"https:\/\/www.ghk-management.com\/#organization"},"potentialAction":[{"@type":"SearchAction","target":{"@type":"EntryPoint","urlTemplate":"https:\/\/www.ghk-management.com\/?s={search_term_string}"},"query-input":{"@type":"PropertyValueSpecification","valueRequired":true,"valueName":"search_term_string"}}],"inLanguage":"en-GB"},{"@type":"Organization","@id":"https:\/\/www.ghk-management.com\/#organization","name":"GHK Management Consulting AG","url":"https:\/\/www.ghk-management.com\/","logo":{"@type":"ImageObject","inLanguage":"en-GB","@id":"https:\/\/www.ghk-management.com\/#\/schema\/logo\/image\/","url":"https:\/\/www.ghk-management.com\/wp-content\/uploads\/2024\/08\/ghk.svg","contentUrl":"https:\/\/www.ghk-management.com\/wp-content\/uploads\/2024\/08\/ghk.svg","caption":"GHK Management Consulting AG"},"image":{"@id":"https:\/\/www.ghk-management.com\/#\/schema\/logo\/image\/"},"sameAs":["https:\/\/de.linkedin.com\/company\/https-www-ghk-management-com"]}]}},"_links":{"self":[{"href":"https:\/\/www.ghk-management.com\/en\/wp-json\/wp\/v2\/pages\/25","targetHints":{"allow":["GET"]}}],"collection":[{"href":"https:\/\/www.ghk-management.com\/en\/wp-json\/wp\/v2\/pages"}],"about":[{"href":"https:\/\/www.ghk-management.com\/en\/wp-json\/wp\/v2\/types\/page"}],"author":[{"embeddable":true,"href":"https:\/\/www.ghk-management.com\/en\/wp-json\/wp\/v2\/users\/1"}],"replies":[{"embeddable":true,"href":"https:\/\/www.ghk-management.com\/en\/wp-json\/wp\/v2\/comments?post=25"}],"version-history":[{"count":25,"href":"https:\/\/www.ghk-management.com\/en\/wp-json\/wp\/v2\/pages\/25\/revisions"}],"predecessor-version":[{"id":3631,"href":"https:\/\/www.ghk-management.com\/en\/wp-json\/wp\/v2\/pages\/25\/revisions\/3631"}],"up":[{"embeddable":true,"href":"https:\/\/www.ghk-management.com\/en\/wp-json\/wp\/v2\/pages\/23"}],"wp:attachment":[{"href":"https:\/\/www.ghk-management.com\/en\/wp-json\/wp\/v2\/media?parent=25"}],"curies":[{"name":"wp","href":"https:\/\/api.w.org\/{rel}","templated":true}]}}