{"id":27,"date":"2024-08-20T20:54:12","date_gmt":"2024-08-20T18:54:12","guid":{"rendered":"http:\/\/localhost\/ghk\/?page_id=27"},"modified":"2025-02-12T09:44:14","modified_gmt":"2025-02-12T08:44:14","slug":"integrierte-it-systeme","status":"publish","type":"page","link":"https:\/\/www.ghk-management.com\/en\/the-new-cfo\/produkte\/integrierte-it-systeme\/","title":{"rendered":"Integrated IT systems"},"content":{"rendered":"<h1 class=\"wp-block-heading has-text-align-center\" id=\"integrierte-it-systeme\">Integrated IT systems<\/h1>\n\n\n\n<p><p align=\"justify\">Every company uses different IT applications. The resulting IT landscape is often characterised by isolated solutions. Data is recorded multiple times, is defined differently in different IT systems and is therefore difficult to compare. Interfaces do not exist to the required extent or do not automatically deliver the data in the desired structures. Data is merged using complex manual processes, which in turn are time-consuming and error-prone.<br>The introduction of new applications leads to even greater complexity or even becomes impossible as there is no common database. Especially with regard to AI applications, integrated IT systems are a prerequisite for providing the database for AI technology.<\/p><\/p>\n\n\n\n<div class=\"wp-block-greenshift-blocks-image gspb_image gspb_image-id-gsbp-0bc709d\" id=\"gspb_image-id-gsbp-0bc709d\"><img decoding=\"async\" src=\"https:\/\/www.ghk-management.com\/wp-content\/uploads\/2024\/09\/Integrierte-Systeme-scaled.jpg\" data-src=\"\" alt=\"\" loading=\"lazy\" width=\"2560\" height=\"2048\"\/><\/div>\n\n\n\n<div class=\"wp-block-greenshift-blocks-accordion gs-accordion gspb_accordion-id-gsbp-8ab9c2c\" id=\"gspb_accordion-id-gsbp-8ab9c2c\" >\n<div class=\"wp-block-greenshift-blocks-accordionitem gs-accordion-item gspb_accordionitem-gsbp-6ac8e89 gsopen\" id=\"gspb_accordionitem-gsbp-6ac8e89\" itemscope><div id=\"gs-trigger-gsbp-8ab9c2c-0\" class=\"gs-accordion-item__title\" aria-expanded=\"true\" role=\"button\" tabindex=\"0\" aria-controls=\"gspb-accordion-item-content-gsbp-6ac8e89\"><div class=\"gs-accordion-item__heading\">Implementing IT solutions with foresight<\/div><meta itemprop=\"name\" content=\"IT-L\u00f6sungen mit Weitblick umsetzen\"\/><span class=\"iconfortoggle\"><span class=\"gs-iconbefore\"><\/span><span class=\"gs-iconafter\"><\/span><\/span><\/div><div aria-labelledby=\"gs-trigger-gsbp-8ab9c2c-0\" class=\"gs-accordion-item__content\" itemscope id=\"gspb-accordion-item-content-gsbp-6ac8e89\" ><div class=\"gs-accordion-item__text\" itemprop=\"text\">\n<p><p align=\"justify\">GHK has extensive experience in the implementation of IT systems in different environments. In addition to proven success in planning and management, pragmatic and solution-orientated implementation is a key factor for our customers. <br>GHK optimises communication at the interfaces between the specialist department, IT department and any third parties. The aim is a future-proof IT system consisting of different elements that are intelligently connected via interfaces and supply data to a digitalised data room.<\/p><\/p>\n<\/div><\/div><\/div>\n<\/div>\n\n\n\n<hr class=\"wp-block-separator has-alpha-channel-opacity\"\/>\n\n\n\n<h5 class=\"wp-block-heading has-text-align-center\" id=\"hier-geht-es-zum-passenden-use-case-zielgerichtete-erp-implementierung-zu-integrierten-it-systemen\">Click here for the matching use case \u2018Targeted ERP implementation\u2019 for integrated IT systems<\/h5>\n\n\n\n<div class=\"gspb_button_wrapper gspb_button-id-gsbp-d405632\" id=\"gspb_button-id-gsbp-d405632\"><a class=\"wp-block-greenshift-blocks-buttonbox gspb-buttonbox wp-element-button\" href=\"https:\/\/www.ghk-management.com\/en\/success\/use-cases\/zielgerichtete-erp-implementierung\/\" rel=\"noopener\"><span class=\"gspb-buttonbox-textwrap\"><span class=\"gspb-buttonbox-text\"><span class=\"gspb-buttonbox-title\">Discover More<\/span><\/span><\/span><\/a><\/div>\n\n\n\n<p><\/p>","protected":false},"excerpt":{"rendered":"<p>Integrierte IT-Systeme Jedes Unternehmen nutzt unterschiedliche IT-Anwendungen. Die daraus resultierende IT-Landschaft ist h\u00e4ufig durch Insell\u00f6sungen gepr\u00e4gt. Daten werden mehrfach erfasst, sind in unterschiedlichen IT-Systemen unterschiedlich definiert und damit wenig vergleichbar. Schnittstellen existieren nicht im erforderlichen Ausma\u00df oder liefern nicht automatisiert die Daten in den gew\u00fcnschten Strukturen. Die Zusammenf\u00fchrung der Daten erfolgt durch aufw\u00e4ndige manuelle Prozesse, [&hellip;]<\/p>","protected":false},"author":1,"featured_media":0,"parent":23,"menu_order":0,"comment_status":"closed","ping_status":"closed","template":"","meta":{"_gspb_post_css":"#gspb_image-id-gsbp-0bc709d img{vertical-align:top;display:inline-block;box-sizing:border-box;max-width:100%;height:auto}#gspb_accordion-id-gsbp-8ab9c2c .gs-accordion-item.gsclose>.gs-accordion-item__content{overflow:hidden;opacity:0}#gspb_accordion-id-gsbp-8ab9c2c .gs-accordion-item.gsopen>.gs-accordion-item__content{opacity:1;max-height:5000px}#gspb_accordion-id-gsbp-8ab9c2c .gs-accordion-item>.gs-accordion-item__title>.gs-accordion-item__heading{outline:0;text-decoration:none;margin:0!important;padding:0!important;flex-grow:1}#gspb_accordion-id-gsbp-8ab9c2c .gs-accordion-item>.gs-accordion-item__title{z-index:1;margin:0;cursor:pointer;transition:all .3s ease-in-out;position:relative;display:flex;justify-content:space-between;align-items:center;flex-wrap:nowrap}#gspb_accordion-id-gsbp-8ab9c2c .gs-accordion-item>.gs-accordion-item__content{z-index:0;position:relative;max-height:0;will-change:max-height;transition:all .25s ease-out}#gspb_accordion-id-gsbp-8ab9c2c .gs-accordion-item>.gs-accordion-item__title{background-color:#f9f9f9;border-style:solid;border-width:1px;border-color:#00000012}#gspb_accordion-id-gsbp-8ab9c2c .gs-accordion-item>.gs-accordion-item__content{background-color:#fff;border-style:solid;border-width:1px;border-color:#00000000 #00000012 #00000012}#gspb_accordion-id-gsbp-8ab9c2c .gs-accordion-item>.gs-accordion-item__title span.iconfortoggle{margin-left:15px;display:inline-block;height:14px;width:14px;position:relative}#gspb_accordion-id-gsbp-8ab9c2c .gs-accordion-item{margin-bottom:10px}#gspb_accordion-id-gsbp-8ab9c2c .gs-accordion-item>.gs-accordion-item__content>.gs-accordion-item__text,#gspb_accordion-id-gsbp-8ab9c2c .gs-accordion-item>.gs-accordion-item__title{padding:15px 20px}.gs-accordion .gs-accordion-item.gsopen .gs-accordion-item__title .gs-iconafter{transform:rotate(0)}.gs-accordion .gs-accordion-item__title span.iconfortoggle .gs-iconafter,.gs-accordion .gs-accordion-item__title span.iconfortoggle .gs-iconbefore{content:'';width:14px;height:2px;border-radius:2px;background-color:#111;position:absolute;top:6px;left:0}.gs-accordion .gs-accordion-item__title span.iconfortoggle .gs-iconafter{transform:rotate(90deg);transition:all .3s ease-in-out}#gspb_button-id-gsbp-d405632{display:flex;justify-content:center}#gspb_button-id-gsbp-d405632 .gspb-buttonbox-text{display:flex;flex-direction:column}#gspb_button-id-gsbp-d405632>.gspb-buttonbox{box-sizing:border-box;margin-bottom:0}","inline_featured_image":false,"footnotes":""},"class_list":["post-27","page","type-page","status-publish","hentry"],"yoast_head":"<!-- This site is optimized with the Yoast SEO plugin v23.9 - https:\/\/yoast.com\/wordpress\/plugins\/seo\/ -->\n<title>Integrierte IT-Systeme - GHK Management Consulting AG<\/title>\n<meta name=\"description\" content=\"GHK als Schnittstellenmanager \u2013 integriert, fach\u00fcbergreifend und state-of-the-art werden IT-Systeme durch GHK optimiert.\" \/>\n<meta name=\"robots\" content=\"index, follow, max-snippet:-1, max-image-preview:large, max-video-preview:-1\" \/>\n<link rel=\"canonical\" href=\"https:\/\/www.ghk-management.com\/en\/the-new-cfo\/produkte\/integrierte-it-systeme\/\" \/>\n<meta property=\"og:locale\" content=\"en_GB\" \/>\n<meta property=\"og:type\" content=\"article\" \/>\n<meta property=\"og:title\" content=\"Integrierte IT-Systeme - GHK Management Consulting AG\" \/>\n<meta property=\"og:description\" content=\"GHK als Schnittstellenmanager \u2013 integriert, fach\u00fcbergreifend und state-of-the-art werden IT-Systeme durch GHK optimiert.\" \/>\n<meta property=\"og:url\" content=\"https:\/\/www.ghk-management.com\/en\/the-new-cfo\/produkte\/integrierte-it-systeme\/\" \/>\n<meta property=\"og:site_name\" content=\"GHK Management Consulting AG\" \/>\n<meta property=\"article:modified_time\" content=\"2025-02-12T08:44:14+00:00\" \/>\n<meta property=\"og:image\" content=\"https:\/\/www.ghk-management.com\/wp-content\/uploads\/2024\/09\/Integrierte-Systeme-scaled.jpg\" \/>\n<meta name=\"twitter:card\" content=\"summary_large_image\" \/>\n<meta name=\"twitter:label1\" content=\"Estimated reading time\" \/>\n\t<meta name=\"twitter:data1\" content=\"2 minutes\" \/>\n<script type=\"application\/ld+json\" class=\"yoast-schema-graph\">{\"@context\":\"https:\/\/schema.org\",\"@graph\":[{\"@type\":\"WebPage\",\"@id\":\"https:\/\/www.ghk-management.com\/the-new-cfo\/produkte\/integrierte-it-systeme\/\",\"url\":\"https:\/\/www.ghk-management.com\/the-new-cfo\/produkte\/integrierte-it-systeme\/\",\"name\":\"Integrierte IT-Systeme - GHK Management Consulting AG\",\"isPartOf\":{\"@id\":\"https:\/\/www.ghk-management.com\/#website\"},\"primaryImageOfPage\":{\"@id\":\"https:\/\/www.ghk-management.com\/the-new-cfo\/produkte\/integrierte-it-systeme\/#primaryimage\"},\"image\":{\"@id\":\"https:\/\/www.ghk-management.com\/the-new-cfo\/produkte\/integrierte-it-systeme\/#primaryimage\"},\"thumbnailUrl\":\"https:\/\/www.ghk-management.com\/wp-content\/uploads\/2024\/09\/Integrierte-Systeme-scaled.jpg\",\"datePublished\":\"2024-08-20T18:54:12+00:00\",\"dateModified\":\"2025-02-12T08:44:14+00:00\",\"description\":\"GHK als Schnittstellenmanager \u2013 integriert, fach\u00fcbergreifend und state-of-the-art werden IT-Systeme durch GHK optimiert.\",\"breadcrumb\":{\"@id\":\"https:\/\/www.ghk-management.com\/the-new-cfo\/produkte\/integrierte-it-systeme\/#breadcrumb\"},\"inLanguage\":\"en-GB\",\"potentialAction\":[{\"@type\":\"ReadAction\",\"target\":[\"https:\/\/www.ghk-management.com\/the-new-cfo\/produkte\/integrierte-it-systeme\/\"]}]},{\"@type\":\"ImageObject\",\"inLanguage\":\"en-GB\",\"@id\":\"https:\/\/www.ghk-management.com\/the-new-cfo\/produkte\/integrierte-it-systeme\/#primaryimage\",\"url\":\"https:\/\/www.ghk-management.com\/wp-content\/uploads\/2024\/09\/Integrierte-Systeme-scaled.jpg\",\"contentUrl\":\"https:\/\/www.ghk-management.com\/wp-content\/uploads\/2024\/09\/Integrierte-Systeme-scaled.jpg\"},{\"@type\":\"BreadcrumbList\",\"@id\":\"https:\/\/www.ghk-management.com\/the-new-cfo\/produkte\/integrierte-it-systeme\/#breadcrumb\",\"itemListElement\":[{\"@type\":\"ListItem\",\"position\":1,\"name\":\"Home\",\"item\":\"https:\/\/www.ghk-management.com\/\"},{\"@type\":\"ListItem\",\"position\":2,\"name\":\"The New CFO\",\"item\":\"https:\/\/www.ghk-management.com\/\"},{\"@type\":\"ListItem\",\"position\":3,\"name\":\"Produkte\",\"item\":\"https:\/\/www.ghk-management.com\/the-new-cfo\/produkte\/\"},{\"@type\":\"ListItem\",\"position\":4,\"name\":\"Integrierte IT-Systeme\"}]},{\"@type\":\"WebSite\",\"@id\":\"https:\/\/www.ghk-management.com\/#website\",\"url\":\"https:\/\/www.ghk-management.com\/\",\"name\":\"GHK Management Consulting AG\",\"description\":\"The New CFO\",\"publisher\":{\"@id\":\"https:\/\/www.ghk-management.com\/#organization\"},\"potentialAction\":[{\"@type\":\"SearchAction\",\"target\":{\"@type\":\"EntryPoint\",\"urlTemplate\":\"https:\/\/www.ghk-management.com\/?s={search_term_string}\"},\"query-input\":{\"@type\":\"PropertyValueSpecification\",\"valueRequired\":true,\"valueName\":\"search_term_string\"}}],\"inLanguage\":\"en-GB\"},{\"@type\":\"Organization\",\"@id\":\"https:\/\/www.ghk-management.com\/#organization\",\"name\":\"GHK Management Consulting AG\",\"url\":\"https:\/\/www.ghk-management.com\/\",\"logo\":{\"@type\":\"ImageObject\",\"inLanguage\":\"en-GB\",\"@id\":\"https:\/\/www.ghk-management.com\/#\/schema\/logo\/image\/\",\"url\":\"https:\/\/www.ghk-management.com\/wp-content\/uploads\/2024\/08\/ghk.svg\",\"contentUrl\":\"https:\/\/www.ghk-management.com\/wp-content\/uploads\/2024\/08\/ghk.svg\",\"caption\":\"GHK Management Consulting AG\"},\"image\":{\"@id\":\"https:\/\/www.ghk-management.com\/#\/schema\/logo\/image\/\"},\"sameAs\":[\"https:\/\/de.linkedin.com\/company\/https-www-ghk-management-com\"]}]}<\/script>\n<!-- \/ Yoast SEO plugin. -->","yoast_head_json":{"title":"Integrierte IT-Systeme - GHK Management Consulting AG","description":"GHK als Schnittstellenmanager \u2013 integriert, fach\u00fcbergreifend und state-of-the-art werden IT-Systeme durch GHK optimiert.","robots":{"index":"index","follow":"follow","max-snippet":"max-snippet:-1","max-image-preview":"max-image-preview:large","max-video-preview":"max-video-preview:-1"},"canonical":"https:\/\/www.ghk-management.com\/en\/the-new-cfo\/produkte\/integrierte-it-systeme\/","og_locale":"en_GB","og_type":"article","og_title":"Integrierte IT-Systeme - GHK Management Consulting AG","og_description":"GHK als Schnittstellenmanager \u2013 integriert, fach\u00fcbergreifend und state-of-the-art werden IT-Systeme durch GHK optimiert.","og_url":"https:\/\/www.ghk-management.com\/en\/the-new-cfo\/produkte\/integrierte-it-systeme\/","og_site_name":"GHK Management Consulting AG","article_modified_time":"2025-02-12T08:44:14+00:00","og_image":[{"url":"https:\/\/www.ghk-management.com\/wp-content\/uploads\/2024\/09\/Integrierte-Systeme-scaled.jpg"}],"twitter_card":"summary_large_image","twitter_misc":{"Estimated reading time":"2 minutes"},"schema":{"@context":"https:\/\/schema.org","@graph":[{"@type":"WebPage","@id":"https:\/\/www.ghk-management.com\/the-new-cfo\/produkte\/integrierte-it-systeme\/","url":"https:\/\/www.ghk-management.com\/the-new-cfo\/produkte\/integrierte-it-systeme\/","name":"Integrierte IT-Systeme - GHK Management Consulting AG","isPartOf":{"@id":"https:\/\/www.ghk-management.com\/#website"},"primaryImageOfPage":{"@id":"https:\/\/www.ghk-management.com\/the-new-cfo\/produkte\/integrierte-it-systeme\/#primaryimage"},"image":{"@id":"https:\/\/www.ghk-management.com\/the-new-cfo\/produkte\/integrierte-it-systeme\/#primaryimage"},"thumbnailUrl":"https:\/\/www.ghk-management.com\/wp-content\/uploads\/2024\/09\/Integrierte-Systeme-scaled.jpg","datePublished":"2024-08-20T18:54:12+00:00","dateModified":"2025-02-12T08:44:14+00:00","description":"GHK als Schnittstellenmanager \u2013 integriert, fach\u00fcbergreifend und state-of-the-art werden IT-Systeme durch GHK optimiert.","breadcrumb":{"@id":"https:\/\/www.ghk-management.com\/the-new-cfo\/produkte\/integrierte-it-systeme\/#breadcrumb"},"inLanguage":"en-GB","potentialAction":[{"@type":"ReadAction","target":["https:\/\/www.ghk-management.com\/the-new-cfo\/produkte\/integrierte-it-systeme\/"]}]},{"@type":"ImageObject","inLanguage":"en-GB","@id":"https:\/\/www.ghk-management.com\/the-new-cfo\/produkte\/integrierte-it-systeme\/#primaryimage","url":"https:\/\/www.ghk-management.com\/wp-content\/uploads\/2024\/09\/Integrierte-Systeme-scaled.jpg","contentUrl":"https:\/\/www.ghk-management.com\/wp-content\/uploads\/2024\/09\/Integrierte-Systeme-scaled.jpg"},{"@type":"BreadcrumbList","@id":"https:\/\/www.ghk-management.com\/the-new-cfo\/produkte\/integrierte-it-systeme\/#breadcrumb","itemListElement":[{"@type":"ListItem","position":1,"name":"Home","item":"https:\/\/www.ghk-management.com\/"},{"@type":"ListItem","position":2,"name":"The New CFO","item":"https:\/\/www.ghk-management.com\/"},{"@type":"ListItem","position":3,"name":"Produkte","item":"https:\/\/www.ghk-management.com\/the-new-cfo\/produkte\/"},{"@type":"ListItem","position":4,"name":"Integrierte IT-Systeme"}]},{"@type":"WebSite","@id":"https:\/\/www.ghk-management.com\/#website","url":"https:\/\/www.ghk-management.com\/","name":"GHK Management Consulting AG","description":"The New CFO","publisher":{"@id":"https:\/\/www.ghk-management.com\/#organization"},"potentialAction":[{"@type":"SearchAction","target":{"@type":"EntryPoint","urlTemplate":"https:\/\/www.ghk-management.com\/?s={search_term_string}"},"query-input":{"@type":"PropertyValueSpecification","valueRequired":true,"valueName":"search_term_string"}}],"inLanguage":"en-GB"},{"@type":"Organization","@id":"https:\/\/www.ghk-management.com\/#organization","name":"GHK Management Consulting AG","url":"https:\/\/www.ghk-management.com\/","logo":{"@type":"ImageObject","inLanguage":"en-GB","@id":"https:\/\/www.ghk-management.com\/#\/schema\/logo\/image\/","url":"https:\/\/www.ghk-management.com\/wp-content\/uploads\/2024\/08\/ghk.svg","contentUrl":"https:\/\/www.ghk-management.com\/wp-content\/uploads\/2024\/08\/ghk.svg","caption":"GHK Management Consulting AG"},"image":{"@id":"https:\/\/www.ghk-management.com\/#\/schema\/logo\/image\/"},"sameAs":["https:\/\/de.linkedin.com\/company\/https-www-ghk-management-com"]}]}},"_links":{"self":[{"href":"https:\/\/www.ghk-management.com\/en\/wp-json\/wp\/v2\/pages\/27","targetHints":{"allow":["GET"]}}],"collection":[{"href":"https:\/\/www.ghk-management.com\/en\/wp-json\/wp\/v2\/pages"}],"about":[{"href":"https:\/\/www.ghk-management.com\/en\/wp-json\/wp\/v2\/types\/page"}],"author":[{"embeddable":true,"href":"https:\/\/www.ghk-management.com\/en\/wp-json\/wp\/v2\/users\/1"}],"replies":[{"embeddable":true,"href":"https:\/\/www.ghk-management.com\/en\/wp-json\/wp\/v2\/comments?post=27"}],"version-history":[{"count":17,"href":"https:\/\/www.ghk-management.com\/en\/wp-json\/wp\/v2\/pages\/27\/revisions"}],"predecessor-version":[{"id":3802,"href":"https:\/\/www.ghk-management.com\/en\/wp-json\/wp\/v2\/pages\/27\/revisions\/3802"}],"up":[{"embeddable":true,"href":"https:\/\/www.ghk-management.com\/en\/wp-json\/wp\/v2\/pages\/23"}],"wp:attachment":[{"href":"https:\/\/www.ghk-management.com\/en\/wp-json\/wp\/v2\/media?parent=27"}],"curies":[{"name":"wp","href":"https:\/\/api.w.org\/{rel}","templated":true}]}}