{"id":2958,"date":"2024-10-30T18:43:04","date_gmt":"2024-10-30T17:43:04","guid":{"rendered":"https:\/\/ghk.bitfang.de\/?page_id=2958"},"modified":"2024-11-07T12:25:38","modified_gmt":"2024-11-07T11:25:38","slug":"erp-systeme-unterstuetzung-fuer-das-operative-geschaeft","status":"publish","type":"page","link":"https:\/\/www.ghk-management.com\/en\/erp-systeme-unterstuetzung-fuer-das-operative-geschaeft\/","title":{"rendered":"ERP-Systeme &#8211; Unterst\u00fctzung f\u00fcr das operative Gesch\u00e4ft"},"content":{"rendered":"<h1 class=\"wp-block-heading has-text-align-center\" id=\"erp-systeme-unterstutzung-fur-das-operative-geschaft\">ERP-Systeme &#8211; Unterst\u00fctzung f\u00fcr das operative Gesch\u00e4ft<\/h1>\n\n\n\n<div class=\"wp-block-greenshift-blocks-video gs-video video gspb_video-id-gsbp-bbb0a26\" id=\"gs-video-gsbp-bbb0a26\"><div class=\"gs-video-wrapper\" itemscope><div class=\"gs-video-element\" data-src=\"https:\/\/ghk-management.com\/wp-content\/uploads\/2024\/10\/Neues-Projekt-hoch.mp4\" data-autoplay=\"false\" data-playsinline=\"false\" data-controls=\"true\" data-loop=\"false\" data-mute=\"false\" data-poster=\"\" data-provider=\"video\" data-overlay=\"false\" data-lightbox=\"false\"><\/div><\/div><\/div>\n\n\n\n<p class=\"blocksatz-text\">Ein ERP-System bietet Mitarbeitern mehr Zeit f\u00fcr das was wirklich Spa\u00df macht: Das operative Gesch\u00e4ft.<\/p>\n\n\n\n<div class=\"gspb_button_wrapper gspb_button-id-gsbp-46e9d5f\" id=\"gspb_button-id-gsbp-46e9d5f\"><a class=\"wp-block-greenshift-blocks-buttonbox gspb-buttonbox wp-element-button\" href=\"https:\/\/www.ghk-management.com\/en\/news\/whitepaper\/\" rel=\"noopener\"><span class=\"gspb-buttonbox-textwrap\"><span class=\"gspb-buttonbox-text\"><span class=\"gspb-buttonbox-title\">zur\u00fcck<\/span><\/span><\/span><\/a><\/div>\n\n\n\n<p><\/p>","protected":false},"excerpt":{"rendered":"<p>ERP-Systeme &#8211; Unterst\u00fctzung f\u00fcr das operative Gesch\u00e4ft Ein ERP-System bietet Mitarbeitern mehr Zeit f\u00fcr das was wirklich Spa\u00df macht: Das operative Gesch\u00e4ft.<\/p>","protected":false},"author":5,"featured_media":0,"parent":0,"menu_order":0,"comment_status":"closed","ping_status":"closed","template":"","meta":{"_gspb_post_css":".gs-video{position:relative}.gs-video-wrapper{position:relative;height:inherit;max-width:100%}.gs-video-header{text-align:center}.gs-video-header .gs-video-header-title{font-size:24px;line-height:1.3;font-weight:700;margin:0 0 15px}.gs-video-header .gs-video-header-description{font-size:16px;line-height:1.5;margin:0 0 25px}.gs-video video{display:block}.gs-video .gs-video-element,.gs-video .gs-video-wrapper iframe{width:100%;height:100%;object-fit:cover;border:0}.gs-video .gs-video-wrapper iframe{aspect-ratio:16\/9;display:block}.gs-video-overlay{position:absolute;left:0;top:0;width:100%;height:100%;z-index:3;background-color:rgba(0,0,0,.1);background-size:cover;background-position:center;background-repeat:no-repeat;cursor:pointer}.gs-video-overlay .gs-overlay-color{position:absolute;left:0;top:0;width:100%;height:100%;z-index:2}.gs-video-overlay:hover .gs-play-icon{opacity:1}.gs-video-popup .slbContentOuter{width:100%;max-width:1000px}.gs-video-popup .slbContentOuter .slbContent iframe,.gs-video-popup .slbContentOuter .slbContent video{width:100%;height:100%;object-fit:cover}.gs-video-popup .slbContentOuter .slbContent iframe{aspect-ratio:16\/9}.gs-video-popup .slbCloseBtn{font-size:30px;width:40px;height:40px;line-height:40px;right:0;top:-50px}#gspb_button-id-gsbp-46e9d5f{display:flex;justify-content:flex-start}#gspb_button-id-gsbp-46e9d5f .gspb-buttonbox-text{display:flex;flex-direction:column}#gspb_button-id-gsbp-46e9d5f>.gspb-buttonbox{box-sizing:border-box}","inline_featured_image":false,"footnotes":""},"class_list":["post-2958","page","type-page","status-publish","hentry"],"yoast_head":"<!-- This site is optimized with the Yoast SEO plugin v23.9 - https:\/\/yoast.com\/wordpress\/plugins\/seo\/ -->\n<title>ERP-Systeme - Unterst\u00fctzung f\u00fcr das operative Gesch\u00e4ft - GHK Management Consulting AG<\/title>\n<meta name=\"robots\" content=\"index, follow, max-snippet:-1, max-image-preview:large, max-video-preview:-1\" \/>\n<link rel=\"canonical\" href=\"https:\/\/www.ghk-management.com\/en\/erp-systeme-unterstuetzung-fuer-das-operative-geschaeft\/\" \/>\n<meta property=\"og:locale\" content=\"en_GB\" \/>\n<meta property=\"og:type\" content=\"article\" \/>\n<meta property=\"og:title\" content=\"ERP-Systeme - Unterst\u00fctzung f\u00fcr das operative Gesch\u00e4ft - GHK Management Consulting AG\" \/>\n<meta property=\"og:description\" content=\"ERP-Systeme &#8211; Unterst\u00fctzung f\u00fcr das operative Gesch\u00e4ft Ein ERP-System bietet Mitarbeitern mehr Zeit f\u00fcr das was wirklich Spa\u00df macht: Das operative Gesch\u00e4ft.\" \/>\n<meta property=\"og:url\" content=\"https:\/\/www.ghk-management.com\/en\/erp-systeme-unterstuetzung-fuer-das-operative-geschaeft\/\" \/>\n<meta property=\"og:site_name\" content=\"GHK Management Consulting AG\" \/>\n<meta property=\"article:modified_time\" content=\"2024-11-07T11:25:38+00:00\" \/>\n<meta property=\"og:image\" content=\"https:\/\/www.ghk-management.com\/wp-content\/uploads\/2024\/11\/Design-ohne-Titel.png\" \/>\n\t<meta property=\"og:image:width\" content=\"1200\" \/>\n\t<meta property=\"og:image:height\" content=\"675\" \/>\n\t<meta property=\"og:image:type\" content=\"image\/png\" \/>\n<meta name=\"twitter:card\" content=\"summary_large_image\" \/>\n<script type=\"application\/ld+json\" class=\"yoast-schema-graph\">{\"@context\":\"https:\/\/schema.org\",\"@graph\":[{\"@type\":\"WebPage\",\"@id\":\"https:\/\/www.ghk-management.com\/erp-systeme-unterstuetzung-fuer-das-operative-geschaeft\/\",\"url\":\"https:\/\/www.ghk-management.com\/erp-systeme-unterstuetzung-fuer-das-operative-geschaeft\/\",\"name\":\"ERP-Systeme - Unterst\u00fctzung f\u00fcr das operative Gesch\u00e4ft - GHK Management Consulting AG\",\"isPartOf\":{\"@id\":\"https:\/\/www.ghk-management.com\/#website\"},\"datePublished\":\"2024-10-30T17:43:04+00:00\",\"dateModified\":\"2024-11-07T11:25:38+00:00\",\"breadcrumb\":{\"@id\":\"https:\/\/www.ghk-management.com\/erp-systeme-unterstuetzung-fuer-das-operative-geschaeft\/#breadcrumb\"},\"inLanguage\":\"en-GB\",\"potentialAction\":[{\"@type\":\"ReadAction\",\"target\":[\"https:\/\/www.ghk-management.com\/erp-systeme-unterstuetzung-fuer-das-operative-geschaeft\/\"]}]},{\"@type\":\"BreadcrumbList\",\"@id\":\"https:\/\/www.ghk-management.com\/erp-systeme-unterstuetzung-fuer-das-operative-geschaeft\/#breadcrumb\",\"itemListElement\":[{\"@type\":\"ListItem\",\"position\":1,\"name\":\"Home\",\"item\":\"https:\/\/www.ghk-management.com\/\"},{\"@type\":\"ListItem\",\"position\":2,\"name\":\"ERP-Systeme &#8211; Unterst\u00fctzung f\u00fcr das operative Gesch\u00e4ft\"}]},{\"@type\":\"WebSite\",\"@id\":\"https:\/\/www.ghk-management.com\/#website\",\"url\":\"https:\/\/www.ghk-management.com\/\",\"name\":\"GHK Management Consulting AG\",\"description\":\"The New CFO\",\"publisher\":{\"@id\":\"https:\/\/www.ghk-management.com\/#organization\"},\"potentialAction\":[{\"@type\":\"SearchAction\",\"target\":{\"@type\":\"EntryPoint\",\"urlTemplate\":\"https:\/\/www.ghk-management.com\/?s={search_term_string}\"},\"query-input\":{\"@type\":\"PropertyValueSpecification\",\"valueRequired\":true,\"valueName\":\"search_term_string\"}}],\"inLanguage\":\"en-GB\"},{\"@type\":\"Organization\",\"@id\":\"https:\/\/www.ghk-management.com\/#organization\",\"name\":\"GHK Management Consulting AG\",\"url\":\"https:\/\/www.ghk-management.com\/\",\"logo\":{\"@type\":\"ImageObject\",\"inLanguage\":\"en-GB\",\"@id\":\"https:\/\/www.ghk-management.com\/#\/schema\/logo\/image\/\",\"url\":\"https:\/\/www.ghk-management.com\/wp-content\/uploads\/2024\/08\/ghk.svg\",\"contentUrl\":\"https:\/\/www.ghk-management.com\/wp-content\/uploads\/2024\/08\/ghk.svg\",\"caption\":\"GHK Management Consulting AG\"},\"image\":{\"@id\":\"https:\/\/www.ghk-management.com\/#\/schema\/logo\/image\/\"},\"sameAs\":[\"https:\/\/de.linkedin.com\/company\/https-www-ghk-management-com\"]}]}<\/script>\n<!-- \/ Yoast SEO plugin. -->","yoast_head_json":{"title":"ERP-Systeme - Unterst\u00fctzung f\u00fcr das operative Gesch\u00e4ft - GHK Management Consulting AG","robots":{"index":"index","follow":"follow","max-snippet":"max-snippet:-1","max-image-preview":"max-image-preview:large","max-video-preview":"max-video-preview:-1"},"canonical":"https:\/\/www.ghk-management.com\/en\/erp-systeme-unterstuetzung-fuer-das-operative-geschaeft\/","og_locale":"en_GB","og_type":"article","og_title":"ERP-Systeme - Unterst\u00fctzung f\u00fcr das operative Gesch\u00e4ft - GHK Management Consulting AG","og_description":"ERP-Systeme &#8211; Unterst\u00fctzung f\u00fcr das operative Gesch\u00e4ft Ein ERP-System bietet Mitarbeitern mehr Zeit f\u00fcr das was wirklich Spa\u00df macht: Das operative Gesch\u00e4ft.","og_url":"https:\/\/www.ghk-management.com\/en\/erp-systeme-unterstuetzung-fuer-das-operative-geschaeft\/","og_site_name":"GHK Management Consulting AG","article_modified_time":"2024-11-07T11:25:38+00:00","og_image":[{"width":1200,"height":675,"url":"https:\/\/www.ghk-management.com\/wp-content\/uploads\/2024\/11\/Design-ohne-Titel.png","type":"image\/png"}],"twitter_card":"summary_large_image","schema":{"@context":"https:\/\/schema.org","@graph":[{"@type":"WebPage","@id":"https:\/\/www.ghk-management.com\/erp-systeme-unterstuetzung-fuer-das-operative-geschaeft\/","url":"https:\/\/www.ghk-management.com\/erp-systeme-unterstuetzung-fuer-das-operative-geschaeft\/","name":"ERP-Systeme - Unterst\u00fctzung f\u00fcr das operative Gesch\u00e4ft - GHK Management Consulting AG","isPartOf":{"@id":"https:\/\/www.ghk-management.com\/#website"},"datePublished":"2024-10-30T17:43:04+00:00","dateModified":"2024-11-07T11:25:38+00:00","breadcrumb":{"@id":"https:\/\/www.ghk-management.com\/erp-systeme-unterstuetzung-fuer-das-operative-geschaeft\/#breadcrumb"},"inLanguage":"en-GB","potentialAction":[{"@type":"ReadAction","target":["https:\/\/www.ghk-management.com\/erp-systeme-unterstuetzung-fuer-das-operative-geschaeft\/"]}]},{"@type":"BreadcrumbList","@id":"https:\/\/www.ghk-management.com\/erp-systeme-unterstuetzung-fuer-das-operative-geschaeft\/#breadcrumb","itemListElement":[{"@type":"ListItem","position":1,"name":"Home","item":"https:\/\/www.ghk-management.com\/"},{"@type":"ListItem","position":2,"name":"ERP-Systeme &#8211; Unterst\u00fctzung f\u00fcr das operative Gesch\u00e4ft"}]},{"@type":"WebSite","@id":"https:\/\/www.ghk-management.com\/#website","url":"https:\/\/www.ghk-management.com\/","name":"GHK Management Consulting AG","description":"The New CFO","publisher":{"@id":"https:\/\/www.ghk-management.com\/#organization"},"potentialAction":[{"@type":"SearchAction","target":{"@type":"EntryPoint","urlTemplate":"https:\/\/www.ghk-management.com\/?s={search_term_string}"},"query-input":{"@type":"PropertyValueSpecification","valueRequired":true,"valueName":"search_term_string"}}],"inLanguage":"en-GB"},{"@type":"Organization","@id":"https:\/\/www.ghk-management.com\/#organization","name":"GHK Management Consulting AG","url":"https:\/\/www.ghk-management.com\/","logo":{"@type":"ImageObject","inLanguage":"en-GB","@id":"https:\/\/www.ghk-management.com\/#\/schema\/logo\/image\/","url":"https:\/\/www.ghk-management.com\/wp-content\/uploads\/2024\/08\/ghk.svg","contentUrl":"https:\/\/www.ghk-management.com\/wp-content\/uploads\/2024\/08\/ghk.svg","caption":"GHK Management Consulting AG"},"image":{"@id":"https:\/\/www.ghk-management.com\/#\/schema\/logo\/image\/"},"sameAs":["https:\/\/de.linkedin.com\/company\/https-www-ghk-management-com"]}]}},"_links":{"self":[{"href":"https:\/\/www.ghk-management.com\/en\/wp-json\/wp\/v2\/pages\/2958","targetHints":{"allow":["GET"]}}],"collection":[{"href":"https:\/\/www.ghk-management.com\/en\/wp-json\/wp\/v2\/pages"}],"about":[{"href":"https:\/\/www.ghk-management.com\/en\/wp-json\/wp\/v2\/types\/page"}],"author":[{"embeddable":true,"href":"https:\/\/www.ghk-management.com\/en\/wp-json\/wp\/v2\/users\/5"}],"replies":[{"embeddable":true,"href":"https:\/\/www.ghk-management.com\/en\/wp-json\/wp\/v2\/comments?post=2958"}],"version-history":[{"count":7,"href":"https:\/\/www.ghk-management.com\/en\/wp-json\/wp\/v2\/pages\/2958\/revisions"}],"predecessor-version":[{"id":3320,"href":"https:\/\/www.ghk-management.com\/en\/wp-json\/wp\/v2\/pages\/2958\/revisions\/3320"}],"wp:attachment":[{"href":"https:\/\/www.ghk-management.com\/en\/wp-json\/wp\/v2\/media?parent=2958"}],"curies":[{"name":"wp","href":"https:\/\/api.w.org\/{rel}","templated":true}]}}