{"id":3064,"date":"2024-11-01T15:36:36","date_gmt":"2024-11-01T14:36:36","guid":{"rendered":"https:\/\/ghk.bitfang.de\/?page_id=3064"},"modified":"2025-07-17T10:18:19","modified_gmt":"2025-07-17T08:18:19","slug":"bewerbungen","status":"publish","type":"page","link":"https:\/\/www.ghk-management.com\/en\/bewerbungen\/","title":{"rendered":"Applications"},"content":{"rendered":"<div class=\"wp-block-greenshift-blocks-image gspb_image gspb_image-id-gsbp-0215317 alignwide\" id=\"gspb_image-id-gsbp-0215317\"><img decoding=\"async\" src=\"https:\/\/www.ghk-management.com\/wp-content\/uploads\/2025\/07\/Gruppenfoto-Sommerfest-2025-1-scaled.jpg\" data-src=\"\" alt=\"\" loading=\"lazy\" width=\"2560\" height=\"1644\"\/><\/div>\n\n\n\n<h1 class=\"wp-block-heading has-text-align-center\" id=\"bewerbungen\">Applications<\/h1>\n\n\n\n<h3 class=\"wp-block-heading has-text-align-center\" id=\"bewerben-bei-ghk-so-machen-sie-alles-richtig\">Applying to GHK  \u2013 Your Guide to a Successful Application<\/h3>\n\n\n\n<p>Please consider the following information for a strong and compelling application:<\/p>\n\n\n\n<div class=\"wp-block-greenshift-blocks-iconlist gspb_iconsList gspb_iconsList-id-gsbp-e24cd6b\" id=\"gspb_iconsList-id-gsbp-e24cd6b\"><div class=\"gspb_iconsList__item\" data-id=\"0\"><svg xmlns=\"http:\/\/www.w3.org\/2000\/svg\" style=\"width:5rem;height:5rem;margin:10px\" viewbox=\"0 0 20 20\" width=\"16\" height=\"16\">\n    <rect x=\"2\" y=\"2\" width=\"16\" height=\"16\" fill=\"none\" stroke=\"#b40b1b\" stroke-width=\"2\"><\/rect><\/svg><span class=\"gspb_iconsList__item__text\">We look forward to receiving your application via email at:\u00a0<a href=\"mailto:apply@ghk-management.com\">apply@ghk-management.com<\/a><\/span><\/div><div class=\"gspb_iconsList__item\" data-id=\"1\"><svg xmlns=\"http:\/\/www.w3.org\/2000\/svg\" style=\"width:5rem;height:5rem;margin:10px\" viewbox=\"0 0 20 20\" width=\"16\" height=\"16\">\n    <rect x=\"2\" y=\"2\" width=\"16\" height=\"16\" fill=\"none\" stroke=\"#b40b1b\" stroke-width=\"2\"><\/rect><\/svg><span class=\"gspb_iconsList__item__text\">Feel free to reach out to us by phone for an initial contact.<\/span><\/div><div class=\"gspb_iconsList__item\" data-id=\"2\"><svg xmlns=\"http:\/\/www.w3.org\/2000\/svg\" style=\"width:5rem;height:5rem;margin:10px\" viewbox=\"0 0 20 20\" width=\"16\" height=\"16\">\n    <rect x=\"2\" y=\"2\" width=\"16\" height=\"16\" fill=\"none\" stroke=\"#b40b1b\" stroke-width=\"2\"><\/rect><\/svg><span class=\"gspb_iconsList__item__text\">Please submit PDF files only \u2013 up to three attachments with a total maximum size of 5 MB: cover letter, r\u00e9sum\u00e9, and certificates\/references.<\/span><\/div><div class=\"gspb_iconsList__item\" data-id=\"3\"><svg xmlns=\"http:\/\/www.w3.org\/2000\/svg\" style=\"width:5rem;height:5rem;margin:10px\" viewbox=\"0 0 20 20\" width=\"16\" height=\"16\">\n    <rect x=\"2\" y=\"2\" width=\"16\" height=\"16\" fill=\"none\" stroke=\"#b40b1b\" stroke-width=\"2\"><\/rect><\/svg><span class=\"gspb_iconsList__item__text\">Kindly indicate when you would be available to start.<\/span><\/div><\/div>\n\n\n\n<p>A strong cover letter is the first step in a successful application. It should be no more than two pages and clearly convey why you are interested in joining the GHK team \u2013 with a particular focus on your motivation<\/p>\n\n\n\n<div class=\"wp-block-greenshift-blocks-accordion gs-accordion gspb_accordion-id-gsbp-2ed4f72\" id=\"gspb_accordion-id-gsbp-2ed4f72\" >\n<div class=\"wp-block-greenshift-blocks-accordionitem gs-accordion-item gspb_accordionitem-gsbp-fdbc376 gsopen\" id=\"gspb_accordionitem-gsbp-fdbc376\" itemscope><div id=\"gs-trigger-gsbp-2ed4f72-0\" class=\"gs-accordion-item__title\" aria-expanded=\"true\" role=\"button\" tabindex=\"0\" aria-controls=\"gspb-accordion-item-content-gsbp-fdbc376\"><div class=\"gs-accordion-item__heading\">CV<\/div><meta itemprop=\"name\" content=\"Lebenslauf\"\/><span class=\"iconfortoggle\"><span class=\"gs-iconbefore\"><\/span><span class=\"gs-iconafter\"><\/span><\/span><\/div><div aria-labelledby=\"gs-trigger-gsbp-2ed4f72-0\" class=\"gs-accordion-item__content\" itemscope id=\"gspb-accordion-item-content-gsbp-fdbc376\" ><div class=\"gs-accordion-item__text\" itemprop=\"text\">\n<p class=\"blocksatz-text\">The r\u00e9sum\u00e9 is a central element of your application and should offer a concise yet complete overview of your career to date. A clear, tabular structure helps highlight relevant details at a glance. Be sure to present your experience in a well-organized and logical sequence.<\/p>\n<\/div><\/div><\/div>\n\n\n\n<div class=\"wp-block-greenshift-blocks-accordionitem gs-accordion-item gspb_accordionitem-gsbp-5def460 gsclose\" id=\"gspb_accordionitem-gsbp-5def460\" itemscope><div id=\"gs-trigger-gsbp-2ed4f72-1\" class=\"gs-accordion-item__title\" aria-expanded=\"false\" role=\"button\" tabindex=\"0\" aria-controls=\"gspb-accordion-item-content-gsbp-5def460\"><div class=\"gs-accordion-item__heading\">Individual Qualifications<\/div><meta itemprop=\"name\" content=\"Individuelle Qualifikationen\"\/><span class=\"iconfortoggle\"><span class=\"gs-iconbefore\"><\/span><span class=\"gs-iconafter\"><\/span><\/span><\/div><div aria-labelledby=\"gs-trigger-gsbp-2ed4f72-1\" class=\"gs-accordion-item__content\" itemscope id=\"gspb-accordion-item-content-gsbp-5def460\" ><div class=\"gs-accordion-item__text\" itemprop=\"text\">\n<p class=\"blocksatz-text\">If you are particularly well-suited for the position you are applying for, be sure to make this clear in your cover letter. Use the opportunity to stand out from other applicants by clearly outlining your key qualifications, skills, and experience \u2013 and by relating them directly to the requirements of the role. Show how your strengths and past experience can actively contribute to meeting the company\u2019s goals and expectations. A strong cover letter is your chance to highlight both your motivation and the value you bring to the position.<\/p>\n<\/div><\/div><\/div>\n\n\n\n<div class=\"wp-block-greenshift-blocks-accordionitem gs-accordion-item gspb_accordionitem-gsbp-23a06b5 gsclose\" id=\"gspb_accordionitem-gsbp-23a06b5\" itemscope><div id=\"gs-trigger-gsbp-2ed4f72-2\" class=\"gs-accordion-item__title\" aria-expanded=\"false\" role=\"button\" tabindex=\"0\" aria-controls=\"gspb-accordion-item-content-gsbp-23a06b5\"><div class=\"gs-accordion-item__heading\">Supporting Documents<\/div><meta itemprop=\"name\" content=\"Anlagen\"\/><span class=\"iconfortoggle\"><span class=\"gs-iconbefore\"><\/span><span class=\"gs-iconafter\"><\/span><\/span><\/div><div aria-labelledby=\"gs-trigger-gsbp-2ed4f72-2\" class=\"gs-accordion-item__content\" itemscope id=\"gspb-accordion-item-content-gsbp-23a06b5\" ><div class=\"gs-accordion-item__text\" itemprop=\"text\">\n<p class=\"blocksatz-text\">Complete application documents provide the best overall picture. Therefore, please include all certificates and employer's references that are relevant and meaningful for the position. In addition, be sure to mention any additional skills or qualifications you may have \u2013 such as language or IT certificates \u2013 and highlight any social or voluntary engagement, if applicable.<\/p>\n<\/div><\/div><\/div>\n<\/div>\n\n\n\n<hr class=\"wp-block-separator has-alpha-channel-opacity\"\/>\n\n\n\n<div style=\"height:100px\" aria-hidden=\"true\" class=\"wp-block-spacer\"><\/div>\n\n\n\n<h3 class=\"wp-block-heading has-text-align-center\" id=\"finden-sie-jetzt-die-passende-stelle\">Find the right position for you \u2013 now!<\/h3>\n\n\n\n<div class=\"gspb_button_wrapper gspb_button-id-gsbp-3a98f71\" id=\"gspb_button-id-gsbp-3a98f71\"><a class=\"wp-block-greenshift-blocks-buttonbox gspb-buttonbox wp-element-button\" href=\"https:\/\/www.ghk-management.com\/en\/people\/karriere\/offene-stellen\/\" rel=\"noopener\"><span class=\"gspb-buttonbox-textwrap\"><span class=\"gspb-buttonbox-text\"><span class=\"gspb-buttonbox-title\">Open Positions<\/span><\/span><\/span><\/a><\/div>\n\n\n\n<div style=\"height:100px\" aria-hidden=\"true\" class=\"wp-block-spacer\"><\/div>\n\n\n\n<hr class=\"wp-block-separator has-alpha-channel-opacity\"\/>\n\n\n\n<h3 class=\"wp-block-heading has-text-align-center\" id=\"ihr-kontakt-bei-uns\">Your Contact at GHK<\/h3>\n\n\n\n<p class=\"has-text-align-center has-textonbutton-color has-text-color has-link-color wp-elements-f793a8dd9f1881604039e48fc5b1417c\"><strong>GHK Management Consulting AG<\/strong><br>Lara Kaiser<br>Tel. +49 (69) 297 281 60<br><mark style=\"background-color:rgba(0, 0, 0, 0)\" class=\"has-inline-color has-accent-color\"><a href=\"mailto:apply@ghk-management.com\">apply@ghk-management.com<\/a><br><\/mark>Bleichstra\u00dfe 52<br>60313 Frankfurt am Main<\/p>\n\n\n\n<p><\/p>","protected":false},"excerpt":{"rendered":"<p>Bewerbungen Bewerben bei GHK &#8211; so machen Sie alles richtig Folgende Informationen sind f\u00fcr eine gute und aussagekr\u00e4ftige Bewerbung zu beachten: Ein aussagekr\u00e4ftiges Anschreiben ist der Auftakt jeder guten Bewerbung. Dieses sollte h\u00f6chstens zwei Seiten umfassen und zum Ausdruck bringen, warum Sie zum GHK-Team geh\u00f6ren wollen. Wichtig ist, Ihre Motivation zu beschreiben. Finden Sie jetzt [&hellip;]<\/p>","protected":false},"author":5,"featured_media":0,"parent":0,"menu_order":0,"comment_status":"closed","ping_status":"closed","template":"","meta":{"_gspb_post_css":"#gspb_image-id-gsbp-0215317 img{vertical-align:top;display:inline-block;box-sizing:border-box;max-width:100%;height:auto}#gspb_accordion-id-gsbp-2ed4f72 .gs-accordion-item>.gs-accordion-item__title span.iconfortoggle,#gspb_iconsList-id-gsbp-e24cd6b.gspb_iconsList .gspb_iconsList__item__text{margin-left:15px}#gspb_iconsList-id-gsbp-e24cd6b.gspb_iconsList .gspb_iconsList__item{display:flex;flex-direction:row;align-items:center;position:relative;margin-top:20px}#gspb_iconsList-id-gsbp-e24cd6b.gspb_iconsList .gspb_iconsList__item svg path{fill:#2184f9!important}body #gspb_iconsList-id-gsbp-e24cd6b.gspb_iconsList .gspb_iconsList__item img,body #gspb_iconsList-id-gsbp-e24cd6b.gspb_iconsList .gspb_iconsList__item svg{margin:0!important;padding-top:2px!important}#gspb_iconsList-id-gsbp-e24cd6b.gspb_iconsList [data-id='0'] svg,#gspb_iconsList-id-gsbp-e24cd6b.gspb_iconsList [data-id='1'] svg,#gspb_iconsList-id-gsbp-e24cd6b.gspb_iconsList [data-id='2'] svg,#gspb_iconsList-id-gsbp-e24cd6b.gspb_iconsList [data-id='3'] svg{height:15px!important;width:15px!important;min-width:15px!important;margin:0!important}#gspb_accordion-id-gsbp-2ed4f72 .gs-accordion-item.gsclose>.gs-accordion-item__content{overflow:hidden;opacity:0}#gspb_accordion-id-gsbp-2ed4f72 .gs-accordion-item.gsopen>.gs-accordion-item__content{opacity:1;max-height:5000px}#gspb_accordion-id-gsbp-2ed4f72 .gs-accordion-item>.gs-accordion-item__title>.gs-accordion-item__heading{outline:0;text-decoration:none;margin:0!important;padding:0!important;flex-grow:1}#gspb_accordion-id-gsbp-2ed4f72 .gs-accordion-item>.gs-accordion-item__title{z-index:1;margin:0;cursor:pointer;transition:all .3s ease-in-out;position:relative;display:flex;justify-content:space-between;align-items:center;flex-wrap:nowrap}#gspb_accordion-id-gsbp-2ed4f72 .gs-accordion-item>.gs-accordion-item__content{z-index:0;position:relative;max-height:0;will-change:max-height;transition:all .25s ease-out}#gspb_accordion-id-gsbp-2ed4f72 .gs-accordion-item>.gs-accordion-item__title{background-color:#f9f9f9;border-style:solid;border-width:1px;border-color:#00000012}#gspb_accordion-id-gsbp-2ed4f72 .gs-accordion-item>.gs-accordion-item__content{background-color:#fff;border-style:solid;border-width:1px;border-color:#00000000 #00000012 #00000012}#gspb_accordion-id-gsbp-2ed4f72 .gs-accordion-item{margin-bottom:10px}#gspb_accordion-id-gsbp-2ed4f72 .gs-accordion-item>.gs-accordion-item__content>.gs-accordion-item__text,#gspb_accordion-id-gsbp-2ed4f72 .gs-accordion-item>.gs-accordion-item__title{padding:15px 20px}#gspb_accordion-id-gsbp-2ed4f72 .gs-accordion-item>.gs-accordion-item__title span.iconfortoggle{display:inline-block;height:14px;width:14px;position:relative}.gs-accordion .gs-accordion-item.gsopen .gs-accordion-item__title .gs-iconafter{transform:rotate(0)}.gs-accordion .gs-accordion-item__title span.iconfortoggle .gs-iconafter,.gs-accordion .gs-accordion-item__title span.iconfortoggle .gs-iconbefore{content:'';width:14px;height:2px;border-radius:2px;background-color:#111;position:absolute;top:6px;left:0}.gs-accordion .gs-accordion-item__title span.iconfortoggle .gs-iconafter{transform:rotate(90deg);transition:all .3s ease-in-out}#gspb_button-id-gsbp-3a98f71{display:flex;justify-content:center}#gspb_button-id-gsbp-3a98f71 .gspb-buttonbox-text{display:flex;flex-direction:column}#gspb_button-id-gsbp-3a98f71>.gspb-buttonbox{box-sizing:border-box}","inline_featured_image":false,"footnotes":""},"class_list":["post-3064","page","type-page","status-publish","hentry"],"yoast_head":"<!-- This site is optimized with the Yoast SEO plugin v23.9 - https:\/\/yoast.com\/wordpress\/plugins\/seo\/ -->\n<title>Bewerbungen<\/title>\n<meta name=\"description\" content=\"Bewerben bei GHK \u2013 so geht\u2019s richtig! Erfahren Sie hier, achten m\u00fcssen, um Ihre Bewerbung erfolgreich zu gestalten.\" \/>\n<meta name=\"robots\" content=\"index, follow, max-snippet:-1, max-image-preview:large, max-video-preview:-1\" \/>\n<link rel=\"canonical\" href=\"https:\/\/www.ghk-management.com\/en\/bewerbungen\/\" \/>\n<meta property=\"og:locale\" content=\"en_GB\" \/>\n<meta property=\"og:type\" content=\"article\" \/>\n<meta property=\"og:title\" content=\"Bewerbungen\" \/>\n<meta property=\"og:description\" content=\"Bewerben bei GHK \u2013 so geht\u2019s richtig! Erfahren Sie hier, achten m\u00fcssen, um Ihre Bewerbung erfolgreich zu gestalten.\" \/>\n<meta property=\"og:url\" content=\"https:\/\/www.ghk-management.com\/en\/bewerbungen\/\" \/>\n<meta property=\"og:site_name\" content=\"GHK Management Consulting AG\" \/>\n<meta property=\"article:modified_time\" content=\"2025-07-17T08:18:19+00:00\" \/>\n<meta property=\"og:image\" content=\"https:\/\/www.ghk-management.com\/wp-content\/uploads\/2025\/07\/Gruppenfoto-Sommerfest-2025-1-scaled.jpg\" \/>\n<meta name=\"twitter:card\" content=\"summary_large_image\" \/>\n<meta name=\"twitter:label1\" content=\"Estimated reading time\" \/>\n\t<meta name=\"twitter:data1\" content=\"2 minutes\" \/>\n<script type=\"application\/ld+json\" class=\"yoast-schema-graph\">{\"@context\":\"https:\/\/schema.org\",\"@graph\":[{\"@type\":\"WebPage\",\"@id\":\"https:\/\/www.ghk-management.com\/bewerbungen\/\",\"url\":\"https:\/\/www.ghk-management.com\/bewerbungen\/\",\"name\":\"Bewerbungen\",\"isPartOf\":{\"@id\":\"https:\/\/www.ghk-management.com\/#website\"},\"primaryImageOfPage\":{\"@id\":\"https:\/\/www.ghk-management.com\/bewerbungen\/#primaryimage\"},\"image\":{\"@id\":\"https:\/\/www.ghk-management.com\/bewerbungen\/#primaryimage\"},\"thumbnailUrl\":\"https:\/\/www.ghk-management.com\/wp-content\/uploads\/2025\/07\/Gruppenfoto-Sommerfest-2025-1-scaled.jpg\",\"datePublished\":\"2024-11-01T14:36:36+00:00\",\"dateModified\":\"2025-07-17T08:18:19+00:00\",\"description\":\"Bewerben bei GHK \u2013 so geht\u2019s richtig! Erfahren Sie hier, achten m\u00fcssen, um Ihre Bewerbung erfolgreich zu gestalten.\",\"breadcrumb\":{\"@id\":\"https:\/\/www.ghk-management.com\/bewerbungen\/#breadcrumb\"},\"inLanguage\":\"en-GB\",\"potentialAction\":[{\"@type\":\"ReadAction\",\"target\":[\"https:\/\/www.ghk-management.com\/bewerbungen\/\"]}]},{\"@type\":\"ImageObject\",\"inLanguage\":\"en-GB\",\"@id\":\"https:\/\/www.ghk-management.com\/bewerbungen\/#primaryimage\",\"url\":\"https:\/\/www.ghk-management.com\/wp-content\/uploads\/2025\/07\/Gruppenfoto-Sommerfest-2025-1-scaled.jpg\",\"contentUrl\":\"https:\/\/www.ghk-management.com\/wp-content\/uploads\/2025\/07\/Gruppenfoto-Sommerfest-2025-1-scaled.jpg\"},{\"@type\":\"BreadcrumbList\",\"@id\":\"https:\/\/www.ghk-management.com\/bewerbungen\/#breadcrumb\",\"itemListElement\":[{\"@type\":\"ListItem\",\"position\":1,\"name\":\"Home\",\"item\":\"https:\/\/www.ghk-management.com\/\"},{\"@type\":\"ListItem\",\"position\":2,\"name\":\"Bewerbungen\"}]},{\"@type\":\"WebSite\",\"@id\":\"https:\/\/www.ghk-management.com\/#website\",\"url\":\"https:\/\/www.ghk-management.com\/\",\"name\":\"GHK Management Consulting AG\",\"description\":\"The New CFO\",\"publisher\":{\"@id\":\"https:\/\/www.ghk-management.com\/#organization\"},\"potentialAction\":[{\"@type\":\"SearchAction\",\"target\":{\"@type\":\"EntryPoint\",\"urlTemplate\":\"https:\/\/www.ghk-management.com\/?s={search_term_string}\"},\"query-input\":{\"@type\":\"PropertyValueSpecification\",\"valueRequired\":true,\"valueName\":\"search_term_string\"}}],\"inLanguage\":\"en-GB\"},{\"@type\":\"Organization\",\"@id\":\"https:\/\/www.ghk-management.com\/#organization\",\"name\":\"GHK Management Consulting AG\",\"url\":\"https:\/\/www.ghk-management.com\/\",\"logo\":{\"@type\":\"ImageObject\",\"inLanguage\":\"en-GB\",\"@id\":\"https:\/\/www.ghk-management.com\/#\/schema\/logo\/image\/\",\"url\":\"https:\/\/www.ghk-management.com\/wp-content\/uploads\/2024\/08\/ghk.svg\",\"contentUrl\":\"https:\/\/www.ghk-management.com\/wp-content\/uploads\/2024\/08\/ghk.svg\",\"caption\":\"GHK Management Consulting AG\"},\"image\":{\"@id\":\"https:\/\/www.ghk-management.com\/#\/schema\/logo\/image\/\"},\"sameAs\":[\"https:\/\/de.linkedin.com\/company\/https-www-ghk-management-com\"]}]}<\/script>\n<!-- \/ Yoast SEO plugin. -->","yoast_head_json":{"title":"Bewerbungen","description":"Bewerben bei GHK \u2013 so geht\u2019s richtig! Erfahren Sie hier, achten m\u00fcssen, um Ihre Bewerbung erfolgreich zu gestalten.","robots":{"index":"index","follow":"follow","max-snippet":"max-snippet:-1","max-image-preview":"max-image-preview:large","max-video-preview":"max-video-preview:-1"},"canonical":"https:\/\/www.ghk-management.com\/en\/bewerbungen\/","og_locale":"en_GB","og_type":"article","og_title":"Bewerbungen","og_description":"Bewerben bei GHK \u2013 so geht\u2019s richtig! Erfahren Sie hier, achten m\u00fcssen, um Ihre Bewerbung erfolgreich zu gestalten.","og_url":"https:\/\/www.ghk-management.com\/en\/bewerbungen\/","og_site_name":"GHK Management Consulting AG","article_modified_time":"2025-07-17T08:18:19+00:00","og_image":[{"url":"https:\/\/www.ghk-management.com\/wp-content\/uploads\/2025\/07\/Gruppenfoto-Sommerfest-2025-1-scaled.jpg"}],"twitter_card":"summary_large_image","twitter_misc":{"Estimated reading time":"2 minutes"},"schema":{"@context":"https:\/\/schema.org","@graph":[{"@type":"WebPage","@id":"https:\/\/www.ghk-management.com\/bewerbungen\/","url":"https:\/\/www.ghk-management.com\/bewerbungen\/","name":"Bewerbungen","isPartOf":{"@id":"https:\/\/www.ghk-management.com\/#website"},"primaryImageOfPage":{"@id":"https:\/\/www.ghk-management.com\/bewerbungen\/#primaryimage"},"image":{"@id":"https:\/\/www.ghk-management.com\/bewerbungen\/#primaryimage"},"thumbnailUrl":"https:\/\/www.ghk-management.com\/wp-content\/uploads\/2025\/07\/Gruppenfoto-Sommerfest-2025-1-scaled.jpg","datePublished":"2024-11-01T14:36:36+00:00","dateModified":"2025-07-17T08:18:19+00:00","description":"Bewerben bei GHK \u2013 so geht\u2019s richtig! Erfahren Sie hier, achten m\u00fcssen, um Ihre Bewerbung erfolgreich zu gestalten.","breadcrumb":{"@id":"https:\/\/www.ghk-management.com\/bewerbungen\/#breadcrumb"},"inLanguage":"en-GB","potentialAction":[{"@type":"ReadAction","target":["https:\/\/www.ghk-management.com\/bewerbungen\/"]}]},{"@type":"ImageObject","inLanguage":"en-GB","@id":"https:\/\/www.ghk-management.com\/bewerbungen\/#primaryimage","url":"https:\/\/www.ghk-management.com\/wp-content\/uploads\/2025\/07\/Gruppenfoto-Sommerfest-2025-1-scaled.jpg","contentUrl":"https:\/\/www.ghk-management.com\/wp-content\/uploads\/2025\/07\/Gruppenfoto-Sommerfest-2025-1-scaled.jpg"},{"@type":"BreadcrumbList","@id":"https:\/\/www.ghk-management.com\/bewerbungen\/#breadcrumb","itemListElement":[{"@type":"ListItem","position":1,"name":"Home","item":"https:\/\/www.ghk-management.com\/"},{"@type":"ListItem","position":2,"name":"Bewerbungen"}]},{"@type":"WebSite","@id":"https:\/\/www.ghk-management.com\/#website","url":"https:\/\/www.ghk-management.com\/","name":"GHK Management Consulting AG","description":"The New CFO","publisher":{"@id":"https:\/\/www.ghk-management.com\/#organization"},"potentialAction":[{"@type":"SearchAction","target":{"@type":"EntryPoint","urlTemplate":"https:\/\/www.ghk-management.com\/?s={search_term_string}"},"query-input":{"@type":"PropertyValueSpecification","valueRequired":true,"valueName":"search_term_string"}}],"inLanguage":"en-GB"},{"@type":"Organization","@id":"https:\/\/www.ghk-management.com\/#organization","name":"GHK Management Consulting AG","url":"https:\/\/www.ghk-management.com\/","logo":{"@type":"ImageObject","inLanguage":"en-GB","@id":"https:\/\/www.ghk-management.com\/#\/schema\/logo\/image\/","url":"https:\/\/www.ghk-management.com\/wp-content\/uploads\/2024\/08\/ghk.svg","contentUrl":"https:\/\/www.ghk-management.com\/wp-content\/uploads\/2024\/08\/ghk.svg","caption":"GHK Management Consulting AG"},"image":{"@id":"https:\/\/www.ghk-management.com\/#\/schema\/logo\/image\/"},"sameAs":["https:\/\/de.linkedin.com\/company\/https-www-ghk-management-com"]}]}},"_links":{"self":[{"href":"https:\/\/www.ghk-management.com\/en\/wp-json\/wp\/v2\/pages\/3064","targetHints":{"allow":["GET"]}}],"collection":[{"href":"https:\/\/www.ghk-management.com\/en\/wp-json\/wp\/v2\/pages"}],"about":[{"href":"https:\/\/www.ghk-management.com\/en\/wp-json\/wp\/v2\/types\/page"}],"author":[{"embeddable":true,"href":"https:\/\/www.ghk-management.com\/en\/wp-json\/wp\/v2\/users\/5"}],"replies":[{"embeddable":true,"href":"https:\/\/www.ghk-management.com\/en\/wp-json\/wp\/v2\/comments?post=3064"}],"version-history":[{"count":11,"href":"https:\/\/www.ghk-management.com\/en\/wp-json\/wp\/v2\/pages\/3064\/revisions"}],"predecessor-version":[{"id":4726,"href":"https:\/\/www.ghk-management.com\/en\/wp-json\/wp\/v2\/pages\/3064\/revisions\/4726"}],"wp:attachment":[{"href":"https:\/\/www.ghk-management.com\/en\/wp-json\/wp\/v2\/media?parent=3064"}],"curies":[{"name":"wp","href":"https:\/\/api.w.org\/{rel}","templated":true}]}}