{"id":4457,"date":"2025-05-02T12:43:55","date_gmt":"2025-05-02T10:43:55","guid":{"rendered":"https:\/\/www.ghk-management.com\/?page_id=4457"},"modified":"2025-05-02T12:48:52","modified_gmt":"2025-05-02T10:48:52","slug":"erstgespraech-vereinbaren","status":"publish","type":"page","link":"https:\/\/www.ghk-management.com\/en\/erstgespraech-vereinbaren\/","title":{"rendered":"Book an initial consultation"},"content":{"rendered":"<h2 class=\"wp-block-heading has-text-align-center\" id=\"erstgesprach-vereinbaren\">Book an initial consultation<\/h2>\n\n\n\n<div style=\"height:20px\" aria-hidden=\"true\" class=\"wp-block-spacer\"><\/div>\n\n\n\n<p class=\"has-text-align-center\">Treten Sie mit uns In Kontakt und vereinbaren Sie ein Gespr\u00e4ch<\/p>\n\n\n\n<div style=\"height:20px\" aria-hidden=\"true\" class=\"wp-block-spacer\"><\/div>\n\n\n\n<div class=\"wp-block-contact-form-7-contact-form-selector\">\n<div class=\"wpcf7 no-js\" id=\"wpcf7-f1868-o1\" lang=\"de-DE\" dir=\"ltr\" data-wpcf7-id=\"1868\">\n<div class=\"screen-reader-response\"><p role=\"status\" aria-live=\"polite\" aria-atomic=\"true\"><\/p> <ul><\/ul><\/div>\n<form action=\"\/en\/wp-json\/wp\/v2\/pages\/4457#wpcf7-f1868-o1\" method=\"post\" class=\"wpcf7-form init\" aria-label=\"Kontaktformular\" novalidate=\"novalidate\" data-status=\"init\" data-trp-original-action=\"\/en\/wp-json\/wp\/v2\/pages\/4457#wpcf7-f1868-o1\">\n<div style=\"display: none;\">\n<input type=\"hidden\" name=\"_wpcf7\" value=\"1868\" \/>\n<input type=\"hidden\" name=\"_wpcf7_version\" value=\"6.0\" \/>\n<input type=\"hidden\" name=\"_wpcf7_locale\" value=\"de_DE\" \/>\n<input type=\"hidden\" name=\"_wpcf7_unit_tag\" value=\"wpcf7-f1868-o1\" \/>\n<input type=\"hidden\" name=\"_wpcf7_container_post\" value=\"0\" \/>\n<input type=\"hidden\" name=\"_wpcf7_posted_data_hash\" value=\"\" \/>\n<input type=\"hidden\" name=\"_wpcf7cf_hidden_group_fields\" value=\"[]\" \/>\n<input type=\"hidden\" name=\"_wpcf7cf_hidden_groups\" value=\"[]\" \/>\n<input type=\"hidden\" name=\"_wpcf7cf_visible_groups\" value=\"[]\" \/>\n<input type=\"hidden\" name=\"_wpcf7cf_repeaters\" value=\"[]\" \/>\n<input type=\"hidden\" name=\"_wpcf7cf_steps\" value=\"{}\" \/>\n<input type=\"hidden\" name=\"_wpcf7cf_options\" value=\"{&quot;form_id&quot;:1868,&quot;conditions&quot;:[{&quot;then_field&quot;:&quot;whitepaper_details&quot;,&quot;and_rules&quot;:[{&quot;if_field&quot;:&quot;request_purpose&quot;,&quot;operator&quot;:&quot;equals&quot;,&quot;if_value&quot;:&quot;Whitepaper anfragen&quot;}]},{&quot;then_field&quot;:&quot;ghk_study_details&quot;,&quot;and_rules&quot;:[{&quot;if_field&quot;:&quot;request_purpose&quot;,&quot;operator&quot;:&quot;equals&quot;,&quot;if_value&quot;:&quot;GHK-Studie anfragen&quot;}]}],&quot;settings&quot;:{&quot;animation&quot;:&quot;yes&quot;,&quot;animation_intime&quot;:200,&quot;animation_outtime&quot;:200,&quot;conditions_ui&quot;:&quot;normal&quot;,&quot;notice_dismissed&quot;:false}}\" \/>\n<\/div>\n<p><label>Titel (optional)<br \/>\n<span class=\"wpcf7-form-control-wrap\" data-name=\"titel\"><input size=\"40\" maxlength=\"400\" class=\"wpcf7-form-control wpcf7-text\" autocomplete=\"honorific-prefix\" aria-invalid=\"false\" value=\"\" type=\"text\" name=\"titel\" \/><\/span><br \/>\n<\/label>\n<\/p>\n<p><label>Name<br \/>\n<span class=\"wpcf7-form-control-wrap\" data-name=\"vorname\"><input size=\"40\" maxlength=\"400\" class=\"wpcf7-form-control wpcf7-text wpcf7-validates-as-required\" autocomplete=\"given-name\" aria-required=\"true\" aria-invalid=\"false\" value=\"\" type=\"text\" name=\"vorname\" \/><\/span><br \/>\n<\/label>\n<\/p>\n<p><label>Surname<br \/>\n<span class=\"wpcf7-form-control-wrap\" data-name=\"lastname\"><input size=\"40\" maxlength=\"400\" class=\"wpcf7-form-control wpcf7-text wpcf7-validates-as-required\" autocomplete=\"family-name\" aria-required=\"true\" aria-invalid=\"false\" value=\"\" type=\"text\" name=\"lastname\" \/><\/span><br \/>\n<\/label>\n<\/p>\n<p><label>e-Mail<br \/>\n<span class=\"wpcf7-form-control-wrap\" data-name=\"email\"><input size=\"40\" maxlength=\"400\" class=\"wpcf7-form-control wpcf7-email wpcf7-validates-as-required wpcf7-text wpcf7-validates-as-email\" autocomplete=\"email\" aria-required=\"true\" aria-invalid=\"false\" value=\"\" type=\"email\" name=\"email\" \/><\/span><br \/>\n<\/label>\n<\/p>\n<p><label>Company<br \/>\n<span class=\"wpcf7-form-control-wrap\" data-name=\"firma\"><input size=\"40\" maxlength=\"400\" class=\"wpcf7-form-control wpcf7-text wpcf7-validates-as-required\" autocomplete=\"organization\" aria-required=\"true\" aria-invalid=\"false\" value=\"\" type=\"text\" name=\"firma\" \/><\/span><br \/>\n<\/label>\n<\/p>\n<p><label>Position<br \/>\n<span class=\"wpcf7-form-control-wrap\" data-name=\"position\"><input size=\"40\" maxlength=\"400\" class=\"wpcf7-form-control wpcf7-text wpcf7-validates-as-required\" autocomplete=\"organization-title\" aria-required=\"true\" aria-invalid=\"false\" value=\"\" type=\"text\" name=\"position\" \/><\/span><br \/>\n<\/label>\n<\/p>\n\n<!-- Erstes Dropdown-Men\u00fc f\u00fcr den Zweck der Anfrage -->\n<p><label>Request for<br \/>\n<span class=\"wpcf7-form-control-wrap\" data-name=\"request_purpose\"><select class=\"wpcf7-form-control wpcf7-select wpcf7-validates-as-required\" aria-required=\"true\" aria-invalid=\"false\" name=\"request_purpose\"><option value=\"Bitte w\u00e4hlen...\">Bitte w\u00e4hlen...<\/option><option value=\"Erstgespr\u00e4ch anfragen\">Erstgespr\u00e4ch anfragen<\/option><option value=\"Whitepaper anfragen\">Whitepaper anfragen<\/option><option value=\"GHK-Studie anfragen\">GHK-Studie anfragen<\/option><\/select><\/span><br \/>\n<\/label>\n<\/p>\n\n<!-- Bedingtes Dropdown-Men\u00fc f\u00fcr die Auswahl des Whitepapers -->\n<div data-id=\"whitepaper_details\" data-orig_data_id=\"whitepaper_details\"  data-class=\"wpcf7cf_group\">\n\t<p><label>Welches Whitepaper<br \/>\n<span class=\"wpcf7-form-control-wrap\" data-name=\"whitepaper_selection\"><select class=\"wpcf7-form-control wpcf7-select\" aria-invalid=\"false\" name=\"whitepaper_selection\"><option value=\"Harmonisiertes Reporting nach IFRS und \u00dcberleitungsszenarien\">Harmonisiertes Reporting nach IFRS und \u00dcberleitungsszenarien<\/option><option value=\"Transparenz durch Business Intelligence (BI)\">Transparenz durch Business Intelligence (BI)<\/option><\/select><\/span><br \/>\n<\/label>\n\t<\/p>\n<\/div>\n\n<!-- Bedingtes Dropdown-Men\u00fc f\u00fcr die Auswahl der GHK-Studien -->\n<div data-id=\"ghk_study_details\" data-orig_data_id=\"ghk_study_details\"  data-class=\"wpcf7cf_group\">\n\t<p><label>Welche GHK-Studie<br \/>\n<span class=\"wpcf7-form-control-wrap\" data-name=\"ghk_study_selection\"><select class=\"wpcf7-form-control wpcf7-select\" aria-invalid=\"false\" name=\"ghk_study_selection\"><option value=\"Studie zum Digitalisierungsgrad des deutschen Mittelstandes (2024)\">Studie zum Digitalisierungsgrad des deutschen Mittelstandes (2024)<\/option><option value=\"Studie zum Digitalisierungsgrad des deutschen Mittelstandes (2022)\">Studie zum Digitalisierungsgrad des deutschen Mittelstandes (2022)<\/option><\/select><\/span><br \/>\n<\/label>\n\t<\/p>\n<\/div>\n<p><label>Please enter the following characters into the field: <input type=\"hidden\" name=\"_wpcf7_captcha_challenge_captcha-170\" value=\"3263687176\" \/><img loading=\"lazy\" decoding=\"async\" class=\"wpcf7-form-control wpcf7-captchac wpcf7-captcha-captcha-170\" width=\"72\" height=\"24\" alt=\"captcha\" src=\"https:\/\/www.ghk-management.com\/wp-content\/uploads\/wpcf7_captcha\/3263687176.png\" \/><br \/>\n<span class=\"wpcf7-form-control-wrap\" data-name=\"captcha-170\"><input size=\"4\" maxlength=\"4\" class=\"wpcf7-form-control wpcf7-captchar\" autocomplete=\"off\" aria-invalid=\"false\" value=\"\" type=\"text\" name=\"captcha-170\" \/><\/span><\/label>\n<\/p>\n<p>I have read and acknowledged the <a href=\"\/en\/datenschutz\/\" target=\"_blank\">data protection policy<\/a> habe ich zur Kenntnis genommen.\n<\/p>\n<p><input class=\"wpcf7-form-control wpcf7-submit has-spinner\" type=\"submit\" value=\"Send Request\" \/>\n<\/p><div class=\"wpcf7-response-output\" aria-hidden=\"true\"><\/div>\n<input type=\"hidden\" name=\"trp-form-language\" value=\"en\"\/><\/form>\n<\/div>\n<\/div>\n\n\n\n<p><\/p>","protected":false},"excerpt":{"rendered":"<p>Erstgespr\u00e4ch vereinbaren Treten Sie mit uns In Kontakt und vereinbaren Sie ein Gespr\u00e4ch<\/p>","protected":false},"author":5,"featured_media":0,"parent":0,"menu_order":0,"comment_status":"closed","ping_status":"closed","template":"","meta":{"_gspb_post_css":"","inline_featured_image":false,"footnotes":""},"class_list":["post-4457","page","type-page","status-publish","hentry"],"yoast_head":"<!-- This site is optimized with the Yoast SEO plugin v23.9 - https:\/\/yoast.com\/wordpress\/plugins\/seo\/ -->\n<title>Erstgespr\u00e4ch vereinbaren - GHK Management Consulting AG<\/title>\n<meta name=\"robots\" content=\"index, follow, max-snippet:-1, max-image-preview:large, max-video-preview:-1\" \/>\n<link rel=\"canonical\" href=\"https:\/\/www.ghk-management.com\/en\/erstgespraech-vereinbaren\/\" \/>\n<meta property=\"og:locale\" content=\"en_GB\" \/>\n<meta property=\"og:type\" content=\"article\" \/>\n<meta property=\"og:title\" content=\"Erstgespr\u00e4ch vereinbaren - GHK Management Consulting AG\" \/>\n<meta property=\"og:description\" content=\"Erstgespr\u00e4ch vereinbaren Treten Sie mit uns In Kontakt und vereinbaren Sie ein Gespr\u00e4ch\" \/>\n<meta property=\"og:url\" content=\"https:\/\/www.ghk-management.com\/en\/erstgespraech-vereinbaren\/\" \/>\n<meta property=\"og:site_name\" content=\"GHK Management Consulting AG\" \/>\n<meta property=\"article:modified_time\" content=\"2025-05-02T10:48:52+00:00\" \/>\n<meta property=\"og:image\" content=\"https:\/\/www.ghk-management.com\/wp-content\/uploads\/2024\/11\/Design-ohne-Titel.png\" \/>\n\t<meta property=\"og:image:width\" content=\"1200\" \/>\n\t<meta property=\"og:image:height\" content=\"675\" \/>\n\t<meta property=\"og:image:type\" content=\"image\/png\" \/>\n<meta name=\"twitter:card\" content=\"summary_large_image\" \/>\n<meta name=\"twitter:label1\" content=\"Estimated reading time\" \/>\n\t<meta name=\"twitter:data1\" content=\"1 minute\" \/>\n<script type=\"application\/ld+json\" class=\"yoast-schema-graph\">{\"@context\":\"https:\/\/schema.org\",\"@graph\":[{\"@type\":\"WebPage\",\"@id\":\"https:\/\/www.ghk-management.com\/erstgespraech-vereinbaren\/\",\"url\":\"https:\/\/www.ghk-management.com\/erstgespraech-vereinbaren\/\",\"name\":\"Erstgespr\u00e4ch vereinbaren - GHK Management Consulting AG\",\"isPartOf\":{\"@id\":\"https:\/\/www.ghk-management.com\/#website\"},\"datePublished\":\"2025-05-02T10:43:55+00:00\",\"dateModified\":\"2025-05-02T10:48:52+00:00\",\"breadcrumb\":{\"@id\":\"https:\/\/www.ghk-management.com\/erstgespraech-vereinbaren\/#breadcrumb\"},\"inLanguage\":\"en-GB\",\"potentialAction\":[{\"@type\":\"ReadAction\",\"target\":[\"https:\/\/www.ghk-management.com\/erstgespraech-vereinbaren\/\"]}]},{\"@type\":\"BreadcrumbList\",\"@id\":\"https:\/\/www.ghk-management.com\/erstgespraech-vereinbaren\/#breadcrumb\",\"itemListElement\":[{\"@type\":\"ListItem\",\"position\":1,\"name\":\"Home\",\"item\":\"https:\/\/www.ghk-management.com\/\"},{\"@type\":\"ListItem\",\"position\":2,\"name\":\"Erstgespr\u00e4ch vereinbaren\"}]},{\"@type\":\"WebSite\",\"@id\":\"https:\/\/www.ghk-management.com\/#website\",\"url\":\"https:\/\/www.ghk-management.com\/\",\"name\":\"GHK Management Consulting AG\",\"description\":\"The New CFO\",\"publisher\":{\"@id\":\"https:\/\/www.ghk-management.com\/#organization\"},\"potentialAction\":[{\"@type\":\"SearchAction\",\"target\":{\"@type\":\"EntryPoint\",\"urlTemplate\":\"https:\/\/www.ghk-management.com\/?s={search_term_string}\"},\"query-input\":{\"@type\":\"PropertyValueSpecification\",\"valueRequired\":true,\"valueName\":\"search_term_string\"}}],\"inLanguage\":\"en-GB\"},{\"@type\":\"Organization\",\"@id\":\"https:\/\/www.ghk-management.com\/#organization\",\"name\":\"GHK Management Consulting AG\",\"url\":\"https:\/\/www.ghk-management.com\/\",\"logo\":{\"@type\":\"ImageObject\",\"inLanguage\":\"en-GB\",\"@id\":\"https:\/\/www.ghk-management.com\/#\/schema\/logo\/image\/\",\"url\":\"https:\/\/www.ghk-management.com\/wp-content\/uploads\/2024\/08\/ghk.svg\",\"contentUrl\":\"https:\/\/www.ghk-management.com\/wp-content\/uploads\/2024\/08\/ghk.svg\",\"caption\":\"GHK Management Consulting AG\"},\"image\":{\"@id\":\"https:\/\/www.ghk-management.com\/#\/schema\/logo\/image\/\"},\"sameAs\":[\"https:\/\/de.linkedin.com\/company\/https-www-ghk-management-com\"]}]}<\/script>\n<!-- \/ Yoast SEO plugin. -->","yoast_head_json":{"title":"Erstgespr\u00e4ch vereinbaren - GHK Management Consulting AG","robots":{"index":"index","follow":"follow","max-snippet":"max-snippet:-1","max-image-preview":"max-image-preview:large","max-video-preview":"max-video-preview:-1"},"canonical":"https:\/\/www.ghk-management.com\/en\/erstgespraech-vereinbaren\/","og_locale":"en_GB","og_type":"article","og_title":"Erstgespr\u00e4ch vereinbaren - GHK Management Consulting AG","og_description":"Erstgespr\u00e4ch vereinbaren Treten Sie mit uns In Kontakt und vereinbaren Sie ein Gespr\u00e4ch","og_url":"https:\/\/www.ghk-management.com\/en\/erstgespraech-vereinbaren\/","og_site_name":"GHK Management Consulting AG","article_modified_time":"2025-05-02T10:48:52+00:00","og_image":[{"width":1200,"height":675,"url":"https:\/\/www.ghk-management.com\/wp-content\/uploads\/2024\/11\/Design-ohne-Titel.png","type":"image\/png"}],"twitter_card":"summary_large_image","twitter_misc":{"Estimated reading time":"1 minute"},"schema":{"@context":"https:\/\/schema.org","@graph":[{"@type":"WebPage","@id":"https:\/\/www.ghk-management.com\/erstgespraech-vereinbaren\/","url":"https:\/\/www.ghk-management.com\/erstgespraech-vereinbaren\/","name":"Erstgespr\u00e4ch vereinbaren - GHK Management Consulting AG","isPartOf":{"@id":"https:\/\/www.ghk-management.com\/#website"},"datePublished":"2025-05-02T10:43:55+00:00","dateModified":"2025-05-02T10:48:52+00:00","breadcrumb":{"@id":"https:\/\/www.ghk-management.com\/erstgespraech-vereinbaren\/#breadcrumb"},"inLanguage":"en-GB","potentialAction":[{"@type":"ReadAction","target":["https:\/\/www.ghk-management.com\/erstgespraech-vereinbaren\/"]}]},{"@type":"BreadcrumbList","@id":"https:\/\/www.ghk-management.com\/erstgespraech-vereinbaren\/#breadcrumb","itemListElement":[{"@type":"ListItem","position":1,"name":"Home","item":"https:\/\/www.ghk-management.com\/"},{"@type":"ListItem","position":2,"name":"Erstgespr\u00e4ch vereinbaren"}]},{"@type":"WebSite","@id":"https:\/\/www.ghk-management.com\/#website","url":"https:\/\/www.ghk-management.com\/","name":"GHK Management Consulting AG","description":"The New CFO","publisher":{"@id":"https:\/\/www.ghk-management.com\/#organization"},"potentialAction":[{"@type":"SearchAction","target":{"@type":"EntryPoint","urlTemplate":"https:\/\/www.ghk-management.com\/?s={search_term_string}"},"query-input":{"@type":"PropertyValueSpecification","valueRequired":true,"valueName":"search_term_string"}}],"inLanguage":"en-GB"},{"@type":"Organization","@id":"https:\/\/www.ghk-management.com\/#organization","name":"GHK Management Consulting AG","url":"https:\/\/www.ghk-management.com\/","logo":{"@type":"ImageObject","inLanguage":"en-GB","@id":"https:\/\/www.ghk-management.com\/#\/schema\/logo\/image\/","url":"https:\/\/www.ghk-management.com\/wp-content\/uploads\/2024\/08\/ghk.svg","contentUrl":"https:\/\/www.ghk-management.com\/wp-content\/uploads\/2024\/08\/ghk.svg","caption":"GHK Management Consulting AG"},"image":{"@id":"https:\/\/www.ghk-management.com\/#\/schema\/logo\/image\/"},"sameAs":["https:\/\/de.linkedin.com\/company\/https-www-ghk-management-com"]}]}},"_links":{"self":[{"href":"https:\/\/www.ghk-management.com\/en\/wp-json\/wp\/v2\/pages\/4457","targetHints":{"allow":["GET"]}}],"collection":[{"href":"https:\/\/www.ghk-management.com\/en\/wp-json\/wp\/v2\/pages"}],"about":[{"href":"https:\/\/www.ghk-management.com\/en\/wp-json\/wp\/v2\/types\/page"}],"author":[{"embeddable":true,"href":"https:\/\/www.ghk-management.com\/en\/wp-json\/wp\/v2\/users\/5"}],"replies":[{"embeddable":true,"href":"https:\/\/www.ghk-management.com\/en\/wp-json\/wp\/v2\/comments?post=4457"}],"version-history":[{"count":3,"href":"https:\/\/www.ghk-management.com\/en\/wp-json\/wp\/v2\/pages\/4457\/revisions"}],"predecessor-version":[{"id":4461,"href":"https:\/\/www.ghk-management.com\/en\/wp-json\/wp\/v2\/pages\/4457\/revisions\/4461"}],"wp:attachment":[{"href":"https:\/\/www.ghk-management.com\/en\/wp-json\/wp\/v2\/media?parent=4457"}],"curies":[{"name":"wp","href":"https:\/\/api.w.org\/{rel}","templated":true}]}}