{"id":714,"date":"2024-09-02T10:23:30","date_gmt":"2024-09-02T08:23:30","guid":{"rendered":"https:\/\/ghk.bitfang.de\/?page_id=714"},"modified":"2024-09-13T08:22:43","modified_gmt":"2024-09-13T06:22:43","slug":"praktikant","status":"publish","type":"page","link":"https:\/\/www.ghk-management.com\/en\/people\/karriere\/offene-stellen\/praktikant\/","title":{"rendered":"Praktikant (m\/w\/d)"},"content":{"rendered":"<h1 class=\"wp-block-heading\" id=\"praktikant-m-w-d\">Praktikant (m\/w\/d)<\/h1>\n\n\n\n<p>Die GHK Management Consulting AG ist eine <strong>Unternehmensberatungsgesellschaft<\/strong> im Herzen Frankfurts, die sich auf Beratungsdienstleistungen und Digitalisierungsprojekte im kaufm\u00e4nnischen Bereich spezialisiert hat. Unsere Kernkompetenz f\u00e4llt unter den <strong>Verantwortungsbereich eines<\/strong> <strong>CFOs<\/strong>, sodass wir insbesondere einen interessanten und projektbezogenen Berufseinstieg sowie Praktikumspl\u00e4tze f\u00fcr Wirtschaftswissenschaftler bieten. Unser <strong>junges und dynamisches<\/strong> Team tr\u00e4gt die Vision, die Kunden mit innovativen Projekten in eine prosperierende Zukunft zu begleiten.<\/p>\n\n\n\n<p><strong>Aufgaben<\/strong><\/p>\n\n\n\n<ul class=\"wp-block-list\">\n<li>Mitarbeit in Beratungsprojekten sowie Entwicklung und Optimierung von Gesch\u00e4ftsmodellen unter Ber\u00fccksichtigung aktueller Trends und Technologien<\/li>\n\n\n\n<li>Entwicklung und Mitgestaltung zukunftsweisender L\u00f6sungen f\u00fcr die Bereiche Prozessoptimierung, Systemimplementierung und Businesstransformation<\/li>\n\n\n\n<li>Beratung zur Digitalisierung und Optimierung von Prozessen mit Fokus auf den Finanzbereich<\/li>\n\n\n\n<li>Umfangreiche Kommunikation mit dem Kunden und den unternehmensinternen Verantwortlichen<\/li>\n<\/ul>\n\n\n\n<p><strong>Profil<\/strong><\/p>\n\n\n\n<ul class=\"wp-block-list\">\n<li>Studierende (m\/w\/d) in einem Bachelor oder Master-Studiengang<\/li>\n\n\n\n<li>Starke analytische F\u00e4higkeiten und Affinit\u00e4t zu Zahlen<\/li>\n\n\n\n<li>Sicheres Auftreten, kommunikationsstark und verhandlungssicher<\/li>\n\n\n\n<li>Ausgepr\u00e4gte Teamf\u00e4higkeit und Lust auf die Aufgabenbew\u00e4ltigung im Team<\/li>\n\n\n\n<li>Sehr gute MS Office Kenntnisse (vor allem Excel und Powerpoint)<\/li>\n<\/ul>\n\n\n\n<p><strong>Unser Angebot<\/strong><\/p>\n\n\n\n<p>GHK bietet den idealen Rahmen, um Kenntnisse aus dem Studium in wertvolle Beratungserfahrung zu \u00fcbersetzen. Unser Team unterst\u00fctzt dabei, Teil innovativer Digitalisierungsprojekte zu werden, die echte Ver\u00e4nderungen Attraktive Verg\u00fctung<\/p>\n\n\n\n<ul class=\"wp-block-list\">\n<li>A rich and dynamic field of work \u2013 defined by diversity, depth and the freedom to take ownership<\/li>\n\n\n\n<li>Engagiertes und motiviertes Kollegenteam<\/li>\n\n\n\n<li>B\u00fcro in zentraler Lage in Frankfurt mit Parkpl\u00e4tzen in der Tiefgarage<\/li>\n<\/ul>\n\n\n\n<p><strong>Contact<\/strong><\/p>\n\n\n\n<p>GHK Management Consulting GmbH<br>Bleichstra\u00dfe 52<br>60313 Frankfurt am Main<br>apply@ghk-management.com<\/p>","protected":false},"excerpt":{"rendered":"<p>Praktikant (m\/w\/d) Die GHK Management Consulting AG ist eine Unternehmensberatungsgesellschaft im Herzen Frankfurts, die sich auf Beratungsdienstleistungen und Digitalisierungsprojekte im kaufm\u00e4nnischen Bereich spezialisiert hat. Unsere Kernkompetenz f\u00e4llt unter den Verantwortungsbereich eines CFOs, sodass wir insbesondere einen interessanten und projektbezogenen Berufseinstieg sowie Praktikumspl\u00e4tze f\u00fcr Wirtschaftswissenschaftler bieten. Unser junges und dynamisches Team tr\u00e4gt die Vision, die Kunden [&hellip;]<\/p>","protected":false},"author":3,"featured_media":0,"parent":76,"menu_order":0,"comment_status":"closed","ping_status":"closed","template":"","meta":{"_gspb_post_css":"","inline_featured_image":false,"footnotes":""},"class_list":["post-714","page","type-page","status-publish","hentry"],"yoast_head":"<!-- This site is optimized with the Yoast SEO plugin v23.9 - https:\/\/yoast.com\/wordpress\/plugins\/seo\/ -->\n<title>Praktikant (m\/w\/d) - GHK Management Consulting AG<\/title>\n<meta name=\"robots\" content=\"index, follow, max-snippet:-1, max-image-preview:large, max-video-preview:-1\" \/>\n<link rel=\"canonical\" href=\"https:\/\/www.ghk-management.com\/en\/people\/karriere\/offene-stellen\/praktikant\/\" \/>\n<meta property=\"og:locale\" content=\"en_GB\" \/>\n<meta property=\"og:type\" content=\"article\" \/>\n<meta property=\"og:title\" content=\"Praktikant (m\/w\/d) - GHK Management Consulting AG\" \/>\n<meta property=\"og:description\" content=\"Praktikant (m\/w\/d) Die GHK Management Consulting AG ist eine Unternehmensberatungsgesellschaft im Herzen Frankfurts, die sich auf Beratungsdienstleistungen und Digitalisierungsprojekte im kaufm\u00e4nnischen Bereich spezialisiert hat. Unsere Kernkompetenz f\u00e4llt unter den Verantwortungsbereich eines CFOs, sodass wir insbesondere einen interessanten und projektbezogenen Berufseinstieg sowie Praktikumspl\u00e4tze f\u00fcr Wirtschaftswissenschaftler bieten. Unser junges und dynamisches Team tr\u00e4gt die Vision, die Kunden [&hellip;]\" \/>\n<meta property=\"og:url\" content=\"https:\/\/www.ghk-management.com\/en\/people\/karriere\/offene-stellen\/praktikant\/\" \/>\n<meta property=\"og:site_name\" content=\"GHK Management Consulting AG\" \/>\n<meta property=\"article:modified_time\" content=\"2024-09-13T06:22:43+00:00\" \/>\n<meta property=\"og:image\" content=\"https:\/\/www.ghk-management.com\/wp-content\/uploads\/2024\/11\/Design-ohne-Titel.png\" \/>\n\t<meta property=\"og:image:width\" content=\"1200\" \/>\n\t<meta property=\"og:image:height\" content=\"675\" \/>\n\t<meta property=\"og:image:type\" content=\"image\/png\" \/>\n<meta name=\"twitter:card\" content=\"summary_large_image\" \/>\n<meta name=\"twitter:label1\" content=\"Estimated reading time\" \/>\n\t<meta name=\"twitter:data1\" content=\"1 minute\" \/>\n<script type=\"application\/ld+json\" class=\"yoast-schema-graph\">{\"@context\":\"https:\/\/schema.org\",\"@graph\":[{\"@type\":\"WebPage\",\"@id\":\"https:\/\/www.ghk-management.com\/people\/karriere\/offene-stellen\/praktikant\/\",\"url\":\"https:\/\/www.ghk-management.com\/people\/karriere\/offene-stellen\/praktikant\/\",\"name\":\"Praktikant (m\/w\/d) - GHK Management Consulting AG\",\"isPartOf\":{\"@id\":\"https:\/\/www.ghk-management.com\/#website\"},\"datePublished\":\"2024-09-02T08:23:30+00:00\",\"dateModified\":\"2024-09-13T06:22:43+00:00\",\"breadcrumb\":{\"@id\":\"https:\/\/www.ghk-management.com\/people\/karriere\/offene-stellen\/praktikant\/#breadcrumb\"},\"inLanguage\":\"en-GB\",\"potentialAction\":[{\"@type\":\"ReadAction\",\"target\":[\"https:\/\/www.ghk-management.com\/people\/karriere\/offene-stellen\/praktikant\/\"]}]},{\"@type\":\"BreadcrumbList\",\"@id\":\"https:\/\/www.ghk-management.com\/people\/karriere\/offene-stellen\/praktikant\/#breadcrumb\",\"itemListElement\":[{\"@type\":\"ListItem\",\"position\":1,\"name\":\"Home\",\"item\":\"https:\/\/www.ghk-management.com\/\"},{\"@type\":\"ListItem\",\"position\":2,\"name\":\"People\",\"item\":\"https:\/\/www.ghk-management.com\/people\/\"},{\"@type\":\"ListItem\",\"position\":3,\"name\":\"Karriere\",\"item\":\"https:\/\/www.ghk-management.com\/people\/karriere\/\"},{\"@type\":\"ListItem\",\"position\":4,\"name\":\"Offene Stellen\",\"item\":\"https:\/\/www.ghk-management.com\/people\/karriere\/offene-stellen\/\"},{\"@type\":\"ListItem\",\"position\":5,\"name\":\"Praktikant (m\/w\/d)\"}]},{\"@type\":\"WebSite\",\"@id\":\"https:\/\/www.ghk-management.com\/#website\",\"url\":\"https:\/\/www.ghk-management.com\/\",\"name\":\"GHK Management Consulting AG\",\"description\":\"The New CFO\",\"publisher\":{\"@id\":\"https:\/\/www.ghk-management.com\/#organization\"},\"potentialAction\":[{\"@type\":\"SearchAction\",\"target\":{\"@type\":\"EntryPoint\",\"urlTemplate\":\"https:\/\/www.ghk-management.com\/?s={search_term_string}\"},\"query-input\":{\"@type\":\"PropertyValueSpecification\",\"valueRequired\":true,\"valueName\":\"search_term_string\"}}],\"inLanguage\":\"en-GB\"},{\"@type\":\"Organization\",\"@id\":\"https:\/\/www.ghk-management.com\/#organization\",\"name\":\"GHK Management Consulting AG\",\"url\":\"https:\/\/www.ghk-management.com\/\",\"logo\":{\"@type\":\"ImageObject\",\"inLanguage\":\"en-GB\",\"@id\":\"https:\/\/www.ghk-management.com\/#\/schema\/logo\/image\/\",\"url\":\"https:\/\/www.ghk-management.com\/wp-content\/uploads\/2024\/08\/ghk.svg\",\"contentUrl\":\"https:\/\/www.ghk-management.com\/wp-content\/uploads\/2024\/08\/ghk.svg\",\"caption\":\"GHK Management Consulting AG\"},\"image\":{\"@id\":\"https:\/\/www.ghk-management.com\/#\/schema\/logo\/image\/\"},\"sameAs\":[\"https:\/\/de.linkedin.com\/company\/https-www-ghk-management-com\"]}]}<\/script>\n<!-- \/ Yoast SEO plugin. -->","yoast_head_json":{"title":"Praktikant (m\/w\/d) - GHK Management Consulting AG","robots":{"index":"index","follow":"follow","max-snippet":"max-snippet:-1","max-image-preview":"max-image-preview:large","max-video-preview":"max-video-preview:-1"},"canonical":"https:\/\/www.ghk-management.com\/en\/people\/karriere\/offene-stellen\/praktikant\/","og_locale":"en_GB","og_type":"article","og_title":"Praktikant (m\/w\/d) - GHK Management Consulting AG","og_description":"Praktikant (m\/w\/d) Die GHK Management Consulting AG ist eine Unternehmensberatungsgesellschaft im Herzen Frankfurts, die sich auf Beratungsdienstleistungen und Digitalisierungsprojekte im kaufm\u00e4nnischen Bereich spezialisiert hat. Unsere Kernkompetenz f\u00e4llt unter den Verantwortungsbereich eines CFOs, sodass wir insbesondere einen interessanten und projektbezogenen Berufseinstieg sowie Praktikumspl\u00e4tze f\u00fcr Wirtschaftswissenschaftler bieten. Unser junges und dynamisches Team tr\u00e4gt die Vision, die Kunden [&hellip;]","og_url":"https:\/\/www.ghk-management.com\/en\/people\/karriere\/offene-stellen\/praktikant\/","og_site_name":"GHK Management Consulting AG","article_modified_time":"2024-09-13T06:22:43+00:00","og_image":[{"width":1200,"height":675,"url":"https:\/\/www.ghk-management.com\/wp-content\/uploads\/2024\/11\/Design-ohne-Titel.png","type":"image\/png"}],"twitter_card":"summary_large_image","twitter_misc":{"Estimated reading time":"1 minute"},"schema":{"@context":"https:\/\/schema.org","@graph":[{"@type":"WebPage","@id":"https:\/\/www.ghk-management.com\/people\/karriere\/offene-stellen\/praktikant\/","url":"https:\/\/www.ghk-management.com\/people\/karriere\/offene-stellen\/praktikant\/","name":"Praktikant (m\/w\/d) - GHK Management Consulting AG","isPartOf":{"@id":"https:\/\/www.ghk-management.com\/#website"},"datePublished":"2024-09-02T08:23:30+00:00","dateModified":"2024-09-13T06:22:43+00:00","breadcrumb":{"@id":"https:\/\/www.ghk-management.com\/people\/karriere\/offene-stellen\/praktikant\/#breadcrumb"},"inLanguage":"en-GB","potentialAction":[{"@type":"ReadAction","target":["https:\/\/www.ghk-management.com\/people\/karriere\/offene-stellen\/praktikant\/"]}]},{"@type":"BreadcrumbList","@id":"https:\/\/www.ghk-management.com\/people\/karriere\/offene-stellen\/praktikant\/#breadcrumb","itemListElement":[{"@type":"ListItem","position":1,"name":"Home","item":"https:\/\/www.ghk-management.com\/"},{"@type":"ListItem","position":2,"name":"People","item":"https:\/\/www.ghk-management.com\/people\/"},{"@type":"ListItem","position":3,"name":"Karriere","item":"https:\/\/www.ghk-management.com\/people\/karriere\/"},{"@type":"ListItem","position":4,"name":"Offene Stellen","item":"https:\/\/www.ghk-management.com\/people\/karriere\/offene-stellen\/"},{"@type":"ListItem","position":5,"name":"Praktikant (m\/w\/d)"}]},{"@type":"WebSite","@id":"https:\/\/www.ghk-management.com\/#website","url":"https:\/\/www.ghk-management.com\/","name":"GHK Management Consulting AG","description":"The New CFO","publisher":{"@id":"https:\/\/www.ghk-management.com\/#organization"},"potentialAction":[{"@type":"SearchAction","target":{"@type":"EntryPoint","urlTemplate":"https:\/\/www.ghk-management.com\/?s={search_term_string}"},"query-input":{"@type":"PropertyValueSpecification","valueRequired":true,"valueName":"search_term_string"}}],"inLanguage":"en-GB"},{"@type":"Organization","@id":"https:\/\/www.ghk-management.com\/#organization","name":"GHK Management Consulting AG","url":"https:\/\/www.ghk-management.com\/","logo":{"@type":"ImageObject","inLanguage":"en-GB","@id":"https:\/\/www.ghk-management.com\/#\/schema\/logo\/image\/","url":"https:\/\/www.ghk-management.com\/wp-content\/uploads\/2024\/08\/ghk.svg","contentUrl":"https:\/\/www.ghk-management.com\/wp-content\/uploads\/2024\/08\/ghk.svg","caption":"GHK Management Consulting AG"},"image":{"@id":"https:\/\/www.ghk-management.com\/#\/schema\/logo\/image\/"},"sameAs":["https:\/\/de.linkedin.com\/company\/https-www-ghk-management-com"]}]}},"_links":{"self":[{"href":"https:\/\/www.ghk-management.com\/en\/wp-json\/wp\/v2\/pages\/714","targetHints":{"allow":["GET"]}}],"collection":[{"href":"https:\/\/www.ghk-management.com\/en\/wp-json\/wp\/v2\/pages"}],"about":[{"href":"https:\/\/www.ghk-management.com\/en\/wp-json\/wp\/v2\/types\/page"}],"author":[{"embeddable":true,"href":"https:\/\/www.ghk-management.com\/en\/wp-json\/wp\/v2\/users\/3"}],"replies":[{"embeddable":true,"href":"https:\/\/www.ghk-management.com\/en\/wp-json\/wp\/v2\/comments?post=714"}],"version-history":[{"count":5,"href":"https:\/\/www.ghk-management.com\/en\/wp-json\/wp\/v2\/pages\/714\/revisions"}],"predecessor-version":[{"id":1819,"href":"https:\/\/www.ghk-management.com\/en\/wp-json\/wp\/v2\/pages\/714\/revisions\/1819"}],"up":[{"embeddable":true,"href":"https:\/\/www.ghk-management.com\/en\/wp-json\/wp\/v2\/pages\/76"}],"wp:attachment":[{"href":"https:\/\/www.ghk-management.com\/en\/wp-json\/wp\/v2\/media?parent=714"}],"curies":[{"name":"wp","href":"https:\/\/api.w.org\/{rel}","templated":true}]}}